{"id":47,"date":"2025-06-02T10:54:08","date_gmt":"2025-06-02T10:54:08","guid":{"rendered":"https:\/\/golf-vip.broz.be\/?page_id=47"},"modified":"2026-04-02T05:24:06","modified_gmt":"2026-04-02T05:24:06","slug":"men","status":"publish","type":"page","link":"https:\/\/golf-anderlecht.com\/fr_fr\/men\/","title":{"rendered":"Men"},"content":{"rendered":"\t\t<div data-elementor-type=\"wp-page\" data-elementor-id=\"47\" class=\"elementor elementor-47\" data-elementor-post-type=\"page\">\n\t\t\t\t\t\t<section class=\"elementor-section elementor-top-section elementor-element elementor-element-cb111c5 elementor-section-boxed elementor-section-height-default elementor-section-height-default\" data-id=\"cb111c5\" data-element_type=\"section\" data-e-type=\"section\">\n\t\t\t\t\t\t<div class=\"elementor-container elementor-column-gap-default\">\n\t\t\t\t\t<div class=\"elementor-column elementor-col-100 elementor-top-column elementor-element elementor-element-861d429\" data-id=\"861d429\" data-element_type=\"column\" data-e-type=\"column\">\n\t\t\t<div class=\"elementor-widget-wrap elementor-element-populated\">\n\t\t\t\t\t\t<section class=\"elementor-section elementor-inner-section elementor-element elementor-element-a9d29ba elementor-section-boxed elementor-section-height-default elementor-section-height-default\" data-id=\"a9d29ba\" data-element_type=\"section\" data-e-type=\"section\">\n\t\t\t\t\t\t<div class=\"elementor-container elementor-column-gap-default\">\n\t\t\t\t\t<div class=\"elementor-column elementor-col-100 elementor-inner-column elementor-element elementor-element-f561601\" data-id=\"f561601\" data-element_type=\"column\" data-e-type=\"column\">\n\t\t\t<div class=\"elementor-widget-wrap elementor-element-populated\">\n\t\t\t\t\t\t<div class=\"elementor-element elementor-element-1185f99 elementor-widget elementor-widget-text-editor\" data-id=\"1185f99\" data-element_type=\"widget\" data-e-type=\"widget\" data-widget_type=\"text-editor.default\">\n\t\t\t\t<div class=\"elementor-widget-container\">\n\t\t\t\t\t\t\t\t\t<p>Que vous ayez un handicap single ou que vous d\u00e9butiez (Hcp max 45), que vous soyez disponibles tous les vendredis ou seulement de temps en temps, que vous pr\u00e9f\u00e9riez jouer \u00e0 domicile ou que vous souhaitiez d\u00e9couvrir d\u2019autres parcours, que vous aimiez jouer contre votre handicap en Stableford, contre d\u2019autres joueurs en Match Play ou ensemble en scramble, nous vous offrons l\u2019embarras du choix \u2026<\/p><p>La saison 2026 s&#8217;annonce bien remplie avec un calendrier de <strong>16 journ\u00e9es de comp\u00e9tition<\/strong>, de mars \u00e0 octobre, \u00e0 raison d&#8217;un vendredi sur deux (+\/-), g\u00e9n\u00e9ralement suivies d\u2019une soir\u00e9e et d\u2019un d\u00eener entre nous pour se remettre des efforts consentis sur le parcours.<\/p><p>Cette ann\u00e9e, le programme comprend 10 journ\u00e9es \u00e0 domicile au RAAGC et 6 sorties ext\u00e9rieures sur des parcours diversifi\u00e9s soigneusement s\u00e9lectionn\u00e9s\u00a0:<\/p><ul><li>Pierpont (Nivelles)<\/li><li>Rougemont (Namur)<\/li><li>7 Fontaines (Braine-l&#8217;Alleud)<\/li><li>Rijk Van Margraten (Maastricht)<\/li><li>Kampenhout<\/li><li>Royal Hainaut (Mons).<\/li><\/ul><p><br \/>La saison comprend \u00e9galement des <strong>\u00e9v\u00e9nements sp\u00e9ciaux<\/strong>\u00a0:<\/p><ul><li>Ladies &amp; Men&#8217;s Invitational<\/li><li>Challenge Ladies vs. Men\u2019s (nouveau !)<\/li><li>Week-end 72 heures \u00e0 Lille (Golf du Sart, Golf de Palingbeek et Golf le Vert Parc)<\/li><li>Et une soir\u00e9e festive pour la cl\u00f4ture de la saison en d\u00e9cembre.<\/li><\/ul><p><br \/>Outre un <strong>classement individuel Stableford<\/strong> \u00e0 chaque comp\u00e9tition, nous \u00e9tablissons \u00e9galement des classements de toute la saison sur base de trois cat\u00e9gories de handicap, avec un minimum de 7 comp\u00e9titions qualificatives jou\u00e9es. Mais ce n&#8217;est pas tout !<\/p><p>Grande nouveaut\u00e9 en 2026\u00a0: <strong>une comp\u00e9tition parall\u00e8le en Match Play<\/strong> vient s&#8217;ajouter au format traditionnel en Stableford individuel, apportant une dimension de confrontation directe passionnante \u00e0 chaque journ\u00e9e.<\/p><p><u>Et apr\u00e8s\u00a0?<\/u> Nous explorons d\u00e9j\u00e0 des pistes pour la saison 2027, dont un potentiel week-end 72H au Royaume-Uni si c\u2019est r\u00e9aliste et accept\u00e9 par les membres \u2026 En effet, vous serez invit\u00e9s \u00e0 voter sur le choix des parcours ext\u00e9rieurs et \u00e0 partager vos pr\u00e9f\u00e9rences afin de fa\u00e7onner ensemble le calendrier de l&#8217;ann\u00e9e prochaine.<\/p><p><u>\u00c7a vous tente\u00a0?<\/u> \u00a0Alors rejoignez-nous pour une superbe saison 2026 et participez \u00e0 la pr\u00e9paration d&#8217;une saison 2027 encore plus belle\u00a0!<\/p><p><u>Encore un argument pour vous convaincre\u00a0?<\/u> \u00a0La section Men\u2019s du RAAGC est tr\u00e8s fi\u00e8re de soutenir, depuis de nombreuses ann\u00e9es, <strong>l\u2019ASBL Pinocchio<\/strong>, qui r\u00e9colte des fonds pour am\u00e9liorer le traitement des enfants souffrant de br\u00fblures graves. Aidez-nous \u00e0 les soutenir en rejoignant les Men\u2019s\u00a0!<\/p><p><u>Encore des questions\u00a0?<\/u> \u00a0N\u2019h\u00e9sitez pas \u00e0 contacter le Capitaine James Faust ou le vice-Capitaine Etienne W\u00e9ry par email\u00a0: <a href=\"mailto:section.mens.raagc@gmail.com\">section.mens.raagc@gmail.com<\/a>.<\/p><p>Au plaisir de vous (re)voir tr\u00e8s vite chez les Men\u2019s\u00a0!<\/p>\t\t\t\t\t\t\t\t<\/div>\n\t\t\t\t<\/div>\n\t\t\t\t\t<\/div>\n\t\t<\/div>\n\t\t\t\t\t<\/div>\n\t\t<\/section>\n\t\t\t\t\t<\/div>\n\t\t<\/div>\n\t\t\t\t\t<\/div>\n\t\t<\/section>\n\t\t\t\t<section class=\"elementor-section elementor-top-section elementor-element elementor-element-cfa507a elementor-section-boxed elementor-section-height-default elementor-section-height-default\" data-id=\"cfa507a\" data-element_type=\"section\" data-e-type=\"section\" data-settings=\"{&quot;background_background&quot;:&quot;classic&quot;}\">\n\t\t\t\t\t\t<div class=\"elementor-container elementor-column-gap-default\">\n\t\t\t\t\t<div class=\"elementor-column elementor-col-100 elementor-top-column elementor-element elementor-element-d4f669f\" data-id=\"d4f669f\" data-element_type=\"column\" data-e-type=\"column\">\n\t\t\t<div class=\"elementor-widget-wrap elementor-element-populated\">\n\t\t\t\t\t\t<div class=\"elementor-element elementor-element-d482729 elementor-widget elementor-widget-heading\" data-id=\"d482729\" data-element_type=\"widget\" data-e-type=\"widget\" data-widget_type=\"heading.default\">\n\t\t\t\t<div class=\"elementor-widget-container\">\n\t\t\t\t\t<h2 class=\"elementor-heading-title elementor-size-default\">Le Comit\u00e9 Men's<\/h2>\t\t\t\t<\/div>\n\t\t\t\t<\/div>\n\t\t\t\t<section class=\"elementor-section elementor-inner-section elementor-element elementor-element-fdcac2e elementor-section-boxed elementor-section-height-default elementor-section-height-default\" data-id=\"fdcac2e\" data-element_type=\"section\" data-e-type=\"section\">\n\t\t\t\t\t\t<div class=\"elementor-container elementor-column-gap-default\">\n\t\t\t\t\t<div class=\"elementor-column elementor-col-25 elementor-inner-column elementor-element elementor-element-dd3e2e7\" data-id=\"dd3e2e7\" data-element_type=\"column\" data-e-type=\"column\">\n\t\t\t<div class=\"elementor-widget-wrap\">\n\t\t\t\t\t\t\t<\/div>\n\t\t<\/div>\n\t\t\t\t<div class=\"elementor-column elementor-col-25 elementor-inner-column elementor-element elementor-element-c5e33d8\" data-id=\"c5e33d8\" data-element_type=\"column\" data-e-type=\"column\">\n\t\t\t<div class=\"elementor-widget-wrap\">\n\t\t\t\t\t\t\t<\/div>\n\t\t<\/div>\n\t\t\t\t<div class=\"elementor-column elementor-col-25 elementor-inner-column elementor-element elementor-element-ff2bbb6\" data-id=\"ff2bbb6\" data-element_type=\"column\" data-e-type=\"column\">\n\t\t\t<div class=\"elementor-widget-wrap\">\n\t\t\t\t\t\t\t<\/div>\n\t\t<\/div>\n\t\t\t\t<div class=\"elementor-column elementor-col-25 elementor-inner-column elementor-element elementor-element-1b4e165\" data-id=\"1b4e165\" data-element_type=\"column\" data-e-type=\"column\">\n\t\t\t<div class=\"elementor-widget-wrap\">\n\t\t\t\t\t\t\t<\/div>\n\t\t<\/div>\n\t\t\t\t\t<\/div>\n\t\t<\/section>\n\t\t\t\t<section class=\"elementor-section elementor-inner-section elementor-element elementor-element-7cf5903 elementor-section-boxed elementor-section-height-default elementor-section-height-default\" data-id=\"7cf5903\" data-element_type=\"section\" data-e-type=\"section\">\n\t\t\t\t\t\t<div class=\"elementor-container elementor-column-gap-default\">\n\t\t\t\t\t<div class=\"elementor-column elementor-col-25 elementor-inner-column elementor-element elementor-element-3be9206\" data-id=\"3be9206\" data-element_type=\"column\" data-e-type=\"column\">\n\t\t\t<div class=\"elementor-widget-wrap\">\n\t\t\t\t\t\t\t<\/div>\n\t\t<\/div>\n\t\t\t\t<div class=\"elementor-column elementor-col-25 elementor-inner-column elementor-element elementor-element-99538f5\" data-id=\"99538f5\" data-element_type=\"column\" data-e-type=\"column\">\n\t\t\t<div class=\"elementor-widget-wrap\">\n\t\t\t\t\t\t\t<\/div>\n\t\t<\/div>\n\t\t\t\t<div class=\"elementor-column elementor-col-25 elementor-inner-column elementor-element elementor-element-81d4dd6\" data-id=\"81d4dd6\" data-element_type=\"column\" data-e-type=\"column\">\n\t\t\t<div class=\"elementor-widget-wrap\">\n\t\t\t\t\t\t\t<\/div>\n\t\t<\/div>\n\t\t\t\t<div class=\"elementor-column elementor-col-25 elementor-inner-column elementor-element elementor-element-8869ee3\" data-id=\"8869ee3\" data-element_type=\"column\" data-e-type=\"column\">\n\t\t\t<div class=\"elementor-widget-wrap\">\n\t\t\t\t\t\t\t<\/div>\n\t\t<\/div>\n\t\t\t\t\t<\/div>\n\t\t<\/section>\n\t\t\t\t<section class=\"elementor-section elementor-inner-section elementor-element elementor-element-a949a90 elementor-section-boxed elementor-section-height-default elementor-section-height-default\" data-id=\"a949a90\" data-element_type=\"section\" data-e-type=\"section\">\n\t\t\t\t\t\t<div class=\"elementor-container elementor-column-gap-default\">\n\t\t\t\t\t<div class=\"elementor-column elementor-col-25 elementor-inner-column elementor-element elementor-element-3f7113b\" data-id=\"3f7113b\" data-element_type=\"column\" data-e-type=\"column\">\n\t\t\t<div class=\"elementor-widget-wrap\">\n\t\t\t\t\t\t\t<\/div>\n\t\t<\/div>\n\t\t\t\t<div class=\"elementor-column elementor-col-25 elementor-inner-column elementor-element elementor-element-f13cdae\" data-id=\"f13cdae\" data-element_type=\"column\" data-e-type=\"column\">\n\t\t\t<div class=\"elementor-widget-wrap\">\n\t\t\t\t\t\t\t<\/div>\n\t\t<\/div>\n\t\t\t\t<div class=\"elementor-column elementor-col-25 elementor-inner-column elementor-element elementor-element-828fc2d\" data-id=\"828fc2d\" data-element_type=\"column\" data-e-type=\"column\">\n\t\t\t<div class=\"elementor-widget-wrap\">\n\t\t\t\t\t\t\t<\/div>\n\t\t<\/div>\n\t\t\t\t<div class=\"elementor-column elementor-col-25 elementor-inner-column elementor-element elementor-element-db85e85\" data-id=\"db85e85\" data-element_type=\"column\" data-e-type=\"column\">\n\t\t\t<div class=\"elementor-widget-wrap\">\n\t\t\t\t\t\t\t<\/div>\n\t\t<\/div>\n\t\t\t\t\t<\/div>\n\t\t<\/section>\n\t\t\t\t\t<\/div>\n\t\t<\/div>\n\t\t\t\t\t<\/div>\n\t\t<\/section>\n\t\t\t\t<section class=\"elementor-section elementor-top-section elementor-element elementor-element-7cfefb6 elementor-section-boxed elementor-section-height-default elementor-section-height-default\" data-id=\"7cfefb6\" data-element_type=\"section\" data-e-type=\"section\" data-settings=\"{&quot;background_background&quot;:&quot;classic&quot;}\">\n\t\t\t\t\t\t<div class=\"elementor-container elementor-column-gap-default\">\n\t\t\t\t\t<div class=\"elementor-column elementor-col-100 elementor-top-column elementor-element elementor-element-5e1a88a\" data-id=\"5e1a88a\" data-element_type=\"column\" data-e-type=\"column\">\n\t\t\t<div class=\"elementor-widget-wrap elementor-element-populated\">\n\t\t\t\t\t\t<div class=\"elementor-element elementor-element-b1a06fe elementor-widget elementor-widget-heading\" data-id=\"b1a06fe\" data-element_type=\"widget\" data-e-type=\"widget\" data-widget_type=\"heading.default\">\n\t\t\t\t<div class=\"elementor-widget-container\">\n\t\t\t\t\t<h2 class=\"elementor-heading-title elementor-size-default\">Calendrier Men\u2019s 2026<\/h2>\t\t\t\t<\/div>\n\t\t\t\t<\/div>\n\t\t\t\t<section class=\"elementor-section elementor-inner-section elementor-element elementor-element-087d739 elementor-section-boxed elementor-section-height-default elementor-section-height-default\" data-id=\"087d739\" data-element_type=\"section\" data-e-type=\"section\">\n\t\t\t\t\t\t<div class=\"elementor-container elementor-column-gap-default\">\n\t\t\t\t\t<div class=\"elementor-column elementor-col-100 elementor-inner-column elementor-element elementor-element-3f4bf3d\" data-id=\"3f4bf3d\" data-element_type=\"column\" data-e-type=\"column\">\n\t\t\t<div class=\"elementor-widget-wrap elementor-element-populated\">\n\t\t\t\t\t\t<div class=\"elementor-element elementor-element-2a9b1db elementor-widget elementor-widget-image\" data-id=\"2a9b1db\" data-element_type=\"widget\" data-e-type=\"widget\" data-widget_type=\"image.default\">\n\t\t\t\t<div class=\"elementor-widget-container\">\n\t\t\t\t\t\t\t\t\t\t\t\t\t\t\t<img fetchpriority=\"high\" decoding=\"async\" width=\"800\" height=\"395\" src=\"https:\/\/golf-anderlecht.com\/wp-content\/uploads\/2026\/04\/Calendrier-Mens-2026-1024x506.png\" class=\"attachment-large size-large wp-image-44115\" alt=\"\" srcset=\"https:\/\/golf-anderlecht.com\/wp-content\/uploads\/2026\/04\/Calendrier-Mens-2026-1024x506.png 1024w, https:\/\/golf-anderlecht.com\/wp-content\/uploads\/2026\/04\/Calendrier-Mens-2026-300x148.png 300w, https:\/\/golf-anderlecht.com\/wp-content\/uploads\/2026\/04\/Calendrier-Mens-2026-768x379.png 768w, https:\/\/golf-anderlecht.com\/wp-content\/uploads\/2026\/04\/Calendrier-Mens-2026-1536x759.png 1536w, https:\/\/golf-anderlecht.com\/wp-content\/uploads\/2026\/04\/Calendrier-Mens-2026-18x9.png 18w, https:\/\/golf-anderlecht.com\/wp-content\/uploads\/2026\/04\/Calendrier-Mens-2026.png 1632w\" sizes=\"(max-width: 800px) 100vw, 800px\" \/>\t\t\t\t\t\t\t\t\t\t\t\t\t\t\t<\/div>\n\t\t\t\t<\/div>\n\t\t\t\t\t<\/div>\n\t\t<\/div>\n\t\t\t\t\t<\/div>\n\t\t<\/section>\n\t\t\t\t\t<\/div>\n\t\t<\/div>\n\t\t\t\t\t<\/div>\n\t\t<\/section>\n\t\t\t\t<section class=\"elementor-section elementor-top-section elementor-element elementor-element-e77ef36 elementor-section-boxed elementor-section-height-default elementor-section-height-default\" data-id=\"e77ef36\" data-element_type=\"section\" data-e-type=\"section\" data-settings=\"{&quot;background_background&quot;:&quot;classic&quot;}\">\n\t\t\t\t\t\t<div class=\"elementor-container elementor-column-gap-default\">\n\t\t\t\t\t<div class=\"elementor-column elementor-col-100 elementor-top-column elementor-element elementor-element-6c33c82\" data-id=\"6c33c82\" data-element_type=\"column\" data-e-type=\"column\">\n\t\t\t<div class=\"elementor-widget-wrap elementor-element-populated\">\n\t\t\t\t\t\t<div class=\"elementor-element elementor-element-376ec26 elementor-widget__width-auto elementor-widget elementor-widget-heading\" data-id=\"376ec26\" data-element_type=\"widget\" data-e-type=\"widget\" data-widget_type=\"heading.default\">\n\t\t\t\t<div class=\"elementor-widget-container\">\n\t\t\t\t\t<span class=\"elementor-heading-title elementor-size-default\">Pour vous inscrire :  <\/span>\t\t\t\t<\/div>\n\t\t\t\t<\/div>\n\t\t\t\t<div class=\"elementor-element elementor-element-3a7782a elementor-widget__width-auto elementor-widget elementor-widget-button\" data-id=\"3a7782a\" data-element_type=\"widget\" data-e-type=\"widget\" data-widget_type=\"button.default\">\n\t\t\t\t<div class=\"elementor-widget-container\">\n\t\t\t\t\t\t\t\t\t<div class=\"elementor-button-wrapper\">\n\t\t\t\t\t<a class=\"elementor-button elementor-button-link elementor-size-sm\" href=\"https:\/\/www.i-golf.be\/\" target=\"_blank\">\n\t\t\t\t\t\t<span class=\"elementor-button-content-wrapper\">\n\t\t\t\t\t\t\t\t\t<span class=\"elementor-button-text\">BeGolf<\/span>\n\t\t\t\t\t<\/span>\n\t\t\t\t\t<\/a>\n\t\t\t\t<\/div>\n\t\t\t\t\t\t\t\t<\/div>\n\t\t\t\t<\/div>\n\t\t\t\t\t<\/div>\n\t\t<\/div>\n\t\t\t\t\t<\/div>\n\t\t<\/section>\n\t\t\t\t<section class=\"elementor-section elementor-top-section elementor-element elementor-element-d501fff elementor-section-boxed elementor-section-height-default elementor-section-height-default\" data-id=\"d501fff\" data-element_type=\"section\" data-e-type=\"section\" data-settings=\"{&quot;background_background&quot;:&quot;classic&quot;}\">\n\t\t\t\t\t\t<div class=\"elementor-container elementor-column-gap-default\">\n\t\t\t\t\t<div class=\"elementor-column elementor-col-100 elementor-top-column elementor-element elementor-element-7e05010\" data-id=\"7e05010\" data-element_type=\"column\" data-e-type=\"column\">\n\t\t\t<div class=\"elementor-widget-wrap elementor-element-populated\">\n\t\t\t\t\t\t<div class=\"elementor-element elementor-element-a7493dd elementor-widget elementor-widget-heading\" data-id=\"a7493dd\" data-element_type=\"widget\" data-e-type=\"widget\" data-widget_type=\"heading.default\">\n\t\t\t\t<div class=\"elementor-widget-container\">\n\t\t\t\t\t<h2 class=\"elementor-heading-title elementor-size-default\">Nos articles du moment <\/h2>\t\t\t\t<\/div>\n\t\t\t\t<\/div>\n\t\t\t\t\t<\/div>\n\t\t<\/div>\n\t\t\t\t\t<\/div>\n\t\t<\/section>\n\t\t\t\t<\/div>\n\t\t","protected":false},"excerpt":{"rendered":"<p>Que vous ayez un handicap single ou que vous d\u00e9butiez (Hcp max 45), que vous soyez disponibles tous les vendredis ou seulement de temps en temps, que vous pr\u00e9f\u00e9riez jouer \u00e0 domicile ou que vous souhaitiez d\u00e9couvrir d\u2019autres parcours, que vous aimiez jouer contre votre handicap en Stableford, contre d\u2019autres joueurs en Match Play ou [&hellip;]<\/p>\n","protected":false},"author":1,"featured_media":0,"parent":0,"menu_order":0,"comment_status":"closed","ping_status":"closed","template":"","meta":{"_acf_changed":false,"footnotes":""},"class_list":["post-47","page","type-page","status-publish","hentry"],"acf":[],"yoast_head":"<!-- This site is optimized with the Yoast SEO plugin v27.4 - https:\/\/yoast.com\/product\/yoast-seo-wordpress\/ -->\n<title>Men - Royal Amicale Anderlecht Golf Club<\/title>\n<meta name=\"robots\" content=\"index, follow, max-snippet:-1, max-image-preview:large, max-video-preview:-1\" \/>\n<link rel=\"canonical\" href=\"https:\/\/golf-anderlecht.com\/fr_fr\/men\/\" \/>\n<meta property=\"og:locale\" content=\"fr_FR\" \/>\n<meta property=\"og:type\" content=\"article\" \/>\n<meta property=\"og:title\" content=\"Men - Royal Amicale Anderlecht Golf Club\" \/>\n<meta property=\"og:description\" content=\"Que vous ayez un handicap single ou que vous d\u00e9butiez (Hcp max 45), que vous soyez disponibles tous les vendredis ou seulement de temps en temps, que vous pr\u00e9f\u00e9riez jouer \u00e0 domicile ou que vous souhaitiez d\u00e9couvrir d\u2019autres parcours, que vous aimiez jouer contre votre handicap en Stableford, contre d\u2019autres joueurs en Match Play ou [&hellip;]\" \/>\n<meta property=\"og:url\" content=\"https:\/\/golf-anderlecht.com\/fr_fr\/men\/\" \/>\n<meta property=\"og:site_name\" content=\"Royal Amicale Anderlecht Golf Club\" \/>\n<meta property=\"article:modified_time\" content=\"2026-04-02T05:24:06+00:00\" \/>\n<meta property=\"og:image\" content=\"https:\/\/golf-anderlecht.com\/wp-content\/uploads\/2026\/04\/James-Faust.png\" \/>\n<meta name=\"twitter:card\" content=\"summary_large_image\" \/>\n<meta name=\"twitter:label1\" content=\"Dur\u00e9e de lecture estim\u00e9e\" \/>\n\t<meta name=\"twitter:data1\" content=\"5 minutes\" \/>\n<script type=\"application\/ld+json\" class=\"yoast-schema-graph\">{\"@context\":\"https:\\\/\\\/schema.org\",\"@graph\":[{\"@type\":\"WebPage\",\"@id\":\"https:\\\/\\\/golf-anderlecht.com\\\/men\\\/\",\"url\":\"https:\\\/\\\/golf-anderlecht.com\\\/men\\\/\",\"name\":\"Men - Royal Amicale Anderlecht Golf Club\",\"isPartOf\":{\"@id\":\"https:\\\/\\\/golf-anderlecht.com\\\/fr_fr\\\/#website\"},\"primaryImageOfPage\":{\"@id\":\"https:\\\/\\\/golf-anderlecht.com\\\/men\\\/#primaryimage\"},\"image\":{\"@id\":\"https:\\\/\\\/golf-anderlecht.com\\\/men\\\/#primaryimage\"},\"thumbnailUrl\":\"https:\\\/\\\/golf-anderlecht.com\\\/wp-content\\\/uploads\\\/2026\\\/04\\\/James-Faust.png\",\"datePublished\":\"2025-06-02T10:54:08+00:00\",\"dateModified\":\"2026-04-02T05:24:06+00:00\",\"breadcrumb\":{\"@id\":\"https:\\\/\\\/golf-anderlecht.com\\\/men\\\/#breadcrumb\"},\"inLanguage\":\"fr-FR\",\"potentialAction\":[{\"@type\":\"ReadAction\",\"target\":[\"https:\\\/\\\/golf-anderlecht.com\\\/men\\\/\"]}]},{\"@type\":\"ImageObject\",\"inLanguage\":\"fr-FR\",\"@id\":\"https:\\\/\\\/golf-anderlecht.com\\\/men\\\/#primaryimage\",\"url\":\"https:\\\/\\\/golf-anderlecht.com\\\/wp-content\\\/uploads\\\/2026\\\/04\\\/James-Faust.png\",\"contentUrl\":\"https:\\\/\\\/golf-anderlecht.com\\\/wp-content\\\/uploads\\\/2026\\\/04\\\/James-Faust.png\"},{\"@type\":\"BreadcrumbList\",\"@id\":\"https:\\\/\\\/golf-anderlecht.com\\\/men\\\/#breadcrumb\",\"itemListElement\":[{\"@type\":\"ListItem\",\"position\":1,\"name\":\"Accueil\",\"item\":\"https:\\\/\\\/golf-anderlecht.com\\\/fr_fr\\\/\"},{\"@type\":\"ListItem\",\"position\":2,\"name\":\"Men\"}]},{\"@type\":\"WebSite\",\"@id\":\"https:\\\/\\\/golf-anderlecht.com\\\/fr_fr\\\/#website\",\"url\":\"https:\\\/\\\/golf-anderlecht.com\\\/fr_fr\\\/\",\"name\":\"Royal Amicale Anderlecht Golf Club\",\"description\":\"\",\"publisher\":{\"@id\":\"https:\\\/\\\/golf-anderlecht.com\\\/fr_fr\\\/#organization\"},\"potentialAction\":[{\"@type\":\"SearchAction\",\"target\":{\"@type\":\"EntryPoint\",\"urlTemplate\":\"https:\\\/\\\/golf-anderlecht.com\\\/fr_fr\\\/?s={search_term_string}\"},\"query-input\":{\"@type\":\"PropertyValueSpecification\",\"valueRequired\":true,\"valueName\":\"search_term_string\"}}],\"inLanguage\":\"fr-FR\"},{\"@type\":\"Organization\",\"@id\":\"https:\\\/\\\/golf-anderlecht.com\\\/fr_fr\\\/#organization\",\"name\":\"Royal Amicale Anderlecht Golf Club\",\"url\":\"https:\\\/\\\/golf-anderlecht.com\\\/fr_fr\\\/\",\"logo\":{\"@type\":\"ImageObject\",\"inLanguage\":\"fr-FR\",\"@id\":\"https:\\\/\\\/golf-anderlecht.com\\\/fr_fr\\\/#\\\/schema\\\/logo\\\/image\\\/\",\"url\":\"https:\\\/\\\/golf-anderlecht.com\\\/wp-content\\\/uploads\\\/2026\\\/03\\\/cropped-Logo-blanc-2026.png\",\"contentUrl\":\"https:\\\/\\\/golf-anderlecht.com\\\/wp-content\\\/uploads\\\/2026\\\/03\\\/cropped-Logo-blanc-2026.png\",\"width\":616,\"height\":617,\"caption\":\"Royal Amicale Anderlecht Golf Club\"},\"image\":{\"@id\":\"https:\\\/\\\/golf-anderlecht.com\\\/fr_fr\\\/#\\\/schema\\\/logo\\\/image\\\/\"}}]}<\/script>\n<!-- \/ Yoast SEO plugin. -->","yoast_head_json":{"title":"Men - Royal Amicale Anderlecht Golf Club","robots":{"index":"index","follow":"follow","max-snippet":"max-snippet:-1","max-image-preview":"max-image-preview:large","max-video-preview":"max-video-preview:-1"},"canonical":"https:\/\/golf-anderlecht.com\/fr_fr\/men\/","og_locale":"fr_FR","og_type":"article","og_title":"Men - Royal Amicale Anderlecht Golf Club","og_description":"Que vous ayez un handicap single ou que vous d\u00e9butiez (Hcp max 45), que vous soyez disponibles tous les vendredis ou seulement de temps en temps, que vous pr\u00e9f\u00e9riez jouer \u00e0 domicile ou que vous souhaitiez d\u00e9couvrir d\u2019autres parcours, que vous aimiez jouer contre votre handicap en Stableford, contre d\u2019autres joueurs en Match Play ou [&hellip;]","og_url":"https:\/\/golf-anderlecht.com\/fr_fr\/men\/","og_site_name":"Royal Amicale Anderlecht Golf Club","article_modified_time":"2026-04-02T05:24:06+00:00","og_image":[{"url":"https:\/\/golf-anderlecht.com\/wp-content\/uploads\/2026\/04\/James-Faust.png","type":"","width":"","height":""}],"twitter_card":"summary_large_image","twitter_misc":{"Dur\u00e9e de lecture estim\u00e9e":"5 minutes"},"schema":{"@context":"https:\/\/schema.org","@graph":[{"@type":"WebPage","@id":"https:\/\/golf-anderlecht.com\/men\/","url":"https:\/\/golf-anderlecht.com\/men\/","name":"Men - Royal Amicale Anderlecht Golf Club","isPartOf":{"@id":"https:\/\/golf-anderlecht.com\/fr_fr\/#website"},"primaryImageOfPage":{"@id":"https:\/\/golf-anderlecht.com\/men\/#primaryimage"},"image":{"@id":"https:\/\/golf-anderlecht.com\/men\/#primaryimage"},"thumbnailUrl":"https:\/\/golf-anderlecht.com\/wp-content\/uploads\/2026\/04\/James-Faust.png","datePublished":"2025-06-02T10:54:08+00:00","dateModified":"2026-04-02T05:24:06+00:00","breadcrumb":{"@id":"https:\/\/golf-anderlecht.com\/men\/#breadcrumb"},"inLanguage":"fr-FR","potentialAction":[{"@type":"ReadAction","target":["https:\/\/golf-anderlecht.com\/men\/"]}]},{"@type":"ImageObject","inLanguage":"fr-FR","@id":"https:\/\/golf-anderlecht.com\/men\/#primaryimage","url":"https:\/\/golf-anderlecht.com\/wp-content\/uploads\/2026\/04\/James-Faust.png","contentUrl":"https:\/\/golf-anderlecht.com\/wp-content\/uploads\/2026\/04\/James-Faust.png"},{"@type":"BreadcrumbList","@id":"https:\/\/golf-anderlecht.com\/men\/#breadcrumb","itemListElement":[{"@type":"ListItem","position":1,"name":"Accueil","item":"https:\/\/golf-anderlecht.com\/fr_fr\/"},{"@type":"ListItem","position":2,"name":"Men"}]},{"@type":"WebSite","@id":"https:\/\/golf-anderlecht.com\/fr_fr\/#website","url":"https:\/\/golf-anderlecht.com\/fr_fr\/","name":"Royal Amicale Anderlecht Golf Club","description":"","publisher":{"@id":"https:\/\/golf-anderlecht.com\/fr_fr\/#organization"},"potentialAction":[{"@type":"SearchAction","target":{"@type":"EntryPoint","urlTemplate":"https:\/\/golf-anderlecht.com\/fr_fr\/?s={search_term_string}"},"query-input":{"@type":"PropertyValueSpecification","valueRequired":true,"valueName":"search_term_string"}}],"inLanguage":"fr-FR"},{"@type":"Organization","@id":"https:\/\/golf-anderlecht.com\/fr_fr\/#organization","name":"Royal Amicale Anderlecht Golf Club","url":"https:\/\/golf-anderlecht.com\/fr_fr\/","logo":{"@type":"ImageObject","inLanguage":"fr-FR","@id":"https:\/\/golf-anderlecht.com\/fr_fr\/#\/schema\/logo\/image\/","url":"https:\/\/golf-anderlecht.com\/wp-content\/uploads\/2026\/03\/cropped-Logo-blanc-2026.png","contentUrl":"https:\/\/golf-anderlecht.com\/wp-content\/uploads\/2026\/03\/cropped-Logo-blanc-2026.png","width":616,"height":617,"caption":"Royal Amicale Anderlecht Golf Club"},"image":{"@id":"https:\/\/golf-anderlecht.com\/fr_fr\/#\/schema\/logo\/image\/"}}]}},"_links":{"self":[{"href":"https:\/\/golf-anderlecht.com\/fr_fr\/wp-json\/wp\/v2\/pages\/47","targetHints":{"allow":["GET"]}}],"collection":[{"href":"https:\/\/golf-anderlecht.com\/fr_fr\/wp-json\/wp\/v2\/pages"}],"about":[{"href":"https:\/\/golf-anderlecht.com\/fr_fr\/wp-json\/wp\/v2\/types\/page"}],"author":[{"embeddable":true,"href":"https:\/\/golf-anderlecht.com\/fr_fr\/wp-json\/wp\/v2\/users\/1"}],"replies":[{"embeddable":true,"href":"https:\/\/golf-anderlecht.com\/fr_fr\/wp-json\/wp\/v2\/comments?post=47"}],"version-history":[{"count":46,"href":"https:\/\/golf-anderlecht.com\/fr_fr\/wp-json\/wp\/v2\/pages\/47\/revisions"}],"predecessor-version":[{"id":44153,"href":"https:\/\/golf-anderlecht.com\/fr_fr\/wp-json\/wp\/v2\/pages\/47\/revisions\/44153"}],"wp:attachment":[{"href":"https:\/\/golf-anderlecht.com\/fr_fr\/wp-json\/wp\/v2\/media?parent=47"}],"curies":[{"name":"wp","href":"https:\/\/api.w.org\/{rel}","templated":true}]}}