{"id":41,"date":"2025-06-02T10:54:08","date_gmt":"2025-06-02T10:54:08","guid":{"rendered":"https:\/\/golf-vip.broz.be\/?page_id=41"},"modified":"2025-06-02T18:33:14","modified_gmt":"2025-06-02T18:33:14","slug":"myswingcloud","status":"publish","type":"page","link":"https:\/\/golf-anderlecht.com\/fr_fr\/myswingcloud\/","title":{"rendered":"MySwingCloud"},"content":{"rendered":"\t\t<div data-elementor-type=\"wp-page\" data-elementor-id=\"41\" class=\"elementor elementor-41\" data-elementor-post-type=\"page\">\n\t\t\t\t\t\t<section class=\"elementor-section elementor-top-section elementor-element elementor-element-9ceec69 elementor-section-boxed elementor-section-height-default elementor-section-height-default\" data-id=\"9ceec69\" data-element_type=\"section\">\n\t\t\t\t\t\t<div class=\"elementor-container elementor-column-gap-default\">\n\t\t\t\t\t<div class=\"elementor-column elementor-col-100 elementor-top-column elementor-element elementor-element-ae239fc\" data-id=\"ae239fc\" data-element_type=\"column\">\n\t\t\t<div class=\"elementor-widget-wrap elementor-element-populated\">\n\t\t\t\t\t\t<section class=\"elementor-section elementor-inner-section elementor-element elementor-element-dfdb887 elementor-section-boxed elementor-section-height-default elementor-section-height-default\" data-id=\"dfdb887\" data-element_type=\"section\">\n\t\t\t\t\t\t<div class=\"elementor-container elementor-column-gap-default\">\n\t\t\t\t\t<div class=\"elementor-column elementor-col-50 elementor-inner-column elementor-element elementor-element-10b73a9\" data-id=\"10b73a9\" data-element_type=\"column\">\n\t\t\t<div class=\"elementor-widget-wrap elementor-element-populated\">\n\t\t\t\t\t\t<div class=\"elementor-element elementor-element-f03196e elementor-widget elementor-widget-heading\" data-id=\"f03196e\" data-element_type=\"widget\" data-widget_type=\"heading.default\">\n\t\t\t\t<div class=\"elementor-widget-container\">\n\t\t\t\t\t<h2 class=\"elementor-heading-title elementor-size-default\">Rencontre de l'excellence et de l'innovation pour optimiser votre golf! <\/h2>\t\t\t\t<\/div>\n\t\t\t\t<\/div>\n\t\t\t\t<div class=\"elementor-element elementor-element-72fd057 elementor-hidden-desktop elementor-hidden-tablet elementor-widget elementor-widget-image\" data-id=\"72fd057\" data-element_type=\"widget\" data-widget_type=\"image.default\">\n\t\t\t\t<div class=\"elementor-widget-container\">\n\t\t\t\t\t\t\t\t\t\t\t\t\t\t\t<img fetchpriority=\"high\" decoding=\"async\" width=\"800\" height=\"600\" src=\"https:\/\/golf-anderlecht.com\/wp-content\/uploads\/2025\/06\/Myswingcloud20-07-2024-a\u2560C-15.12.36-74.webp\" class=\"attachment-large size-large wp-image-425\" alt=\"\" srcset=\"https:\/\/golf-anderlecht.com\/wp-content\/uploads\/2025\/06\/Myswingcloud20-07-2024-a\u2560C-15.12.36-74.webp 800w, https:\/\/golf-anderlecht.com\/wp-content\/uploads\/2025\/06\/Myswingcloud20-07-2024-a\u2560C-15.12.36-74-300x225.webp 300w, https:\/\/golf-anderlecht.com\/wp-content\/uploads\/2025\/06\/Myswingcloud20-07-2024-a\u2560C-15.12.36-74-768x576.webp 768w\" sizes=\"(max-width: 800px) 100vw, 800px\" \/>\t\t\t\t\t\t\t\t\t\t\t\t\t\t\t<\/div>\n\t\t\t\t<\/div>\n\t\t\t\t<div class=\"elementor-element elementor-element-eaa72dd elementor-widget elementor-widget-text-editor\" data-id=\"eaa72dd\" data-element_type=\"widget\" data-widget_type=\"text-editor.default\">\n\t\t\t\t<div class=\"elementor-widget-container\">\n\t\t\t\t\t\t\t\t\t<p class=\"o_default_snippet_text\">Notre \u00e9quipe de pros et experts passionn\u00e9s vous enseignent le golf de fa\u00e7on personnalis\u00e9e et efficaces. Ils s&#8217;adaptent \u00e0 tous les niveaux, des d\u00e9butants aux joueurs confirm\u00e9s. Ils utilisent \u00e9galement la biom\u00e9canique et\u00a0<em>Trackman<\/em>. Technologies de pointes qui permettent de d\u00e9composer et am\u00e9liorer votre swing.\u00a0<\/p><p>Gr\u00e2ce notre \u00e9quipe vous b\u00e9n\u00e9ficiez d&#8217;analyses pr\u00e9cises et\u00a0d&#8217;un programme de d\u00e9veloppement sur mesure, garantissant une progression rapide et durable.<br \/>Rejoignez-nous au\u00a0<em>RAAGC&#8217;s Golf Performance Center<\/em>\u00a0et d\u00e9couvrez comment notre expertise peut transformer votre exp\u00e9rience du golf.\u00a0<\/p><p>Notre objectif est de vous accompagner vers l&#8217;excellence et de vous aider \u00e0 atteindre vos objectifs, quel que soit votre niveau de d\u00e9part.<\/p><p class=\"o_default_snippet_text\">Contactez-nous d\u00e8s aujourd&#8217;hui pour r\u00e9server votre session et commencer votre voyage vers un meilleur jeu de golf !<\/p>\t\t\t\t\t\t\t\t<\/div>\n\t\t\t\t<\/div>\n\t\t\t\t<div class=\"elementor-element elementor-element-b04dec3 elementor-icon-list--layout-inline elementor-list-item-link-full_width elementor-widget elementor-widget-icon-list\" data-id=\"b04dec3\" data-element_type=\"widget\" data-widget_type=\"icon-list.default\">\n\t\t\t\t<div class=\"elementor-widget-container\">\n\t\t\t\t\t\t\t<ul class=\"elementor-icon-list-items elementor-inline-items\">\n\t\t\t\t\t\t\t<li class=\"elementor-icon-list-item elementor-inline-item\">\n\t\t\t\t\t\t\t\t\t\t\t<a href=\"mailto:info@myswingcloud.com\">\n\n\t\t\t\t\t\t\t\t\t\t\t\t<span class=\"elementor-icon-list-icon\">\n\t\t\t\t\t\t\t<svg aria-hidden=\"true\" class=\"e-font-icon-svg e-far-envelope\" viewBox=\"0 0 512 512\" xmlns=\"http:\/\/www.w3.org\/2000\/svg\"><path d=\"M464 64H48C21.49 64 0 85.49 0 112v288c0 26.51 21.49 48 48 48h416c26.51 0 48-21.49 48-48V112c0-26.51-21.49-48-48-48zm0 48v40.805c-22.422 18.259-58.168 46.651-134.587 106.49-16.841 13.247-50.201 45.072-73.413 44.701-23.208.375-56.579-31.459-73.413-44.701C106.18 199.465 70.425 171.067 48 152.805V112h416zM48 400V214.398c22.914 18.251 55.409 43.862 104.938 82.646 21.857 17.205 60.134 55.186 103.062 54.955 42.717.231 80.509-37.199 103.053-54.947 49.528-38.783 82.032-64.401 104.947-82.653V400H48z\"><\/path><\/svg>\t\t\t\t\t\t<\/span>\n\t\t\t\t\t\t\t\t\t\t<span class=\"elementor-icon-list-text\">info@myswingcloud.com<\/span>\n\t\t\t\t\t\t\t\t\t\t\t<\/a>\n\t\t\t\t\t\t\t\t\t<\/li>\n\t\t\t\t\t\t\t\t<li class=\"elementor-icon-list-item elementor-inline-item\">\n\t\t\t\t\t\t\t\t\t\t\t<a href=\"tel:+32%20475%2055%2062%2030\">\n\n\t\t\t\t\t\t\t\t\t\t\t\t<span class=\"elementor-icon-list-icon\">\n\t\t\t\t\t\t\t<svg aria-hidden=\"true\" class=\"e-font-icon-svg e-fas-phone-volume\" viewBox=\"0 0 384 512\" xmlns=\"http:\/\/www.w3.org\/2000\/svg\"><path d=\"M97.333 506.966c-129.874-129.874-129.681-340.252 0-469.933 5.698-5.698 14.527-6.632 21.263-2.422l64.817 40.513a17.187 17.187 0 0 1 6.849 20.958l-32.408 81.021a17.188 17.188 0 0 1-17.669 10.719l-55.81-5.58c-21.051 58.261-20.612 122.471 0 179.515l55.811-5.581a17.188 17.188 0 0 1 17.669 10.719l32.408 81.022a17.188 17.188 0 0 1-6.849 20.958l-64.817 40.513a17.19 17.19 0 0 1-21.264-2.422zM247.126 95.473c11.832 20.047 11.832 45.008 0 65.055-3.95 6.693-13.108 7.959-18.718 2.581l-5.975-5.726c-3.911-3.748-4.793-9.622-2.261-14.41a32.063 32.063 0 0 0 0-29.945c-2.533-4.788-1.65-10.662 2.261-14.41l5.975-5.726c5.61-5.378 14.768-4.112 18.718 2.581zm91.787-91.187c60.14 71.604 60.092 175.882 0 247.428-4.474 5.327-12.53 5.746-17.552.933l-5.798-5.557c-4.56-4.371-4.977-11.529-.93-16.379 49.687-59.538 49.646-145.933 0-205.422-4.047-4.85-3.631-12.008.93-16.379l5.798-5.557c5.022-4.813 13.078-4.394 17.552.933zm-45.972 44.941c36.05 46.322 36.108 111.149 0 157.546-4.39 5.641-12.697 6.251-17.856 1.304l-5.818-5.579c-4.4-4.219-4.998-11.095-1.285-15.931 26.536-34.564 26.534-82.572 0-117.134-3.713-4.836-3.115-11.711 1.285-15.931l5.818-5.579c5.159-4.947 13.466-4.337 17.856 1.304z\"><\/path><\/svg>\t\t\t\t\t\t<\/span>\n\t\t\t\t\t\t\t\t\t\t<span class=\"elementor-icon-list-text\">+32 475 55 62 30<\/span>\n\t\t\t\t\t\t\t\t\t\t\t<\/a>\n\t\t\t\t\t\t\t\t\t<\/li>\n\t\t\t\t\t\t<\/ul>\n\t\t\t\t\t\t<\/div>\n\t\t\t\t<\/div>\n\t\t\t\t\t<\/div>\n\t\t<\/div>\n\t\t\t\t<div class=\"elementor-column elementor-col-50 elementor-inner-column elementor-element elementor-element-dce9fbf elementor-hidden-tablet\" data-id=\"dce9fbf\" data-element_type=\"column\">\n\t\t\t<div class=\"elementor-widget-wrap elementor-element-populated\">\n\t\t\t\t\t\t<div class=\"elementor-element elementor-element-1464649 elementor-hidden-mobile elementor-widget elementor-widget-image\" data-id=\"1464649\" data-element_type=\"widget\" data-widget_type=\"image.default\">\n\t\t\t\t<div class=\"elementor-widget-container\">\n\t\t\t\t\t\t\t\t\t\t\t\t\t\t\t<img fetchpriority=\"high\" decoding=\"async\" width=\"800\" height=\"600\" src=\"https:\/\/golf-anderlecht.com\/wp-content\/uploads\/2025\/06\/Myswingcloud20-07-2024-a\u2560C-15.12.36-74.webp\" class=\"attachment-large size-large wp-image-425\" alt=\"\" srcset=\"https:\/\/golf-anderlecht.com\/wp-content\/uploads\/2025\/06\/Myswingcloud20-07-2024-a\u2560C-15.12.36-74.webp 800w, https:\/\/golf-anderlecht.com\/wp-content\/uploads\/2025\/06\/Myswingcloud20-07-2024-a\u2560C-15.12.36-74-300x225.webp 300w, https:\/\/golf-anderlecht.com\/wp-content\/uploads\/2025\/06\/Myswingcloud20-07-2024-a\u2560C-15.12.36-74-768x576.webp 768w\" sizes=\"(max-width: 800px) 100vw, 800px\" \/>\t\t\t\t\t\t\t\t\t\t\t\t\t\t\t<\/div>\n\t\t\t\t<\/div>\n\t\t\t\t\t<\/div>\n\t\t<\/div>\n\t\t\t\t\t<\/div>\n\t\t<\/section>\n\t\t\t\t\t<\/div>\n\t\t<\/div>\n\t\t\t\t\t<\/div>\n\t\t<\/section>\n\t\t\t\t<section class=\"elementor-section elementor-top-section elementor-element elementor-element-3c3d954 elementor-section-full_width elementor-section-height-default elementor-section-height-default\" data-id=\"3c3d954\" data-element_type=\"section\">\n\t\t\t\t\t\t<div class=\"elementor-container elementor-column-gap-default\">\n\t\t\t\t\t<div class=\"elementor-column elementor-col-100 elementor-top-column elementor-element elementor-element-c873e67\" data-id=\"c873e67\" data-element_type=\"column\">\n\t\t\t<div class=\"elementor-widget-wrap elementor-element-populated\">\n\t\t\t\t\t\t<div class=\"elementor-element elementor-element-e70f801 elementor-widget elementor-widget-ucaddon_image_accodion\" data-id=\"e70f801\" data-element_type=\"widget\" data-widget_type=\"ucaddon_image_accodion.default\">\n\t\t\t\t<div class=\"elementor-widget-container\">\n\t\t\t\t\t\n<!-- start Image Accordion -->\n\t\t<link id='font-awesome-css' href='https:\/\/golf-anderlecht.com\/wp-content\/plugins\/unlimited-elements-for-elementor-premium\/assets_libraries\/font-awesome6\/fontawesome-all.min.css' type='text\/css' rel='stylesheet' >\n\t\t<link id='font-awesome-4-shim-css' href='https:\/\/golf-anderlecht.com\/wp-content\/plugins\/unlimited-elements-for-elementor-premium\/assets_libraries\/font-awesome6\/fontawesome-v4-shims.min.css' type='text\/css' rel='stylesheet' >\n\n<style>\/* widget: Image Accordion *\/\n\n\n\n#uc_image_accodion_elementor_e70f801 * { \n\tbox-sizing: border-box; \n}\n\n#uc_image_accodion_elementor_e70f801.uc_image_accodion .uc_content .uc_image_accodion_holder{\n  \ttransition: 1000ms;\n}\n\n#uc_image_accodion_elementor_e70f801  a.uc_more_btn{\n  display:inline-block;\n  text-decoration:none; \n}\n\n#uc_image_accodion_elementor_e70f801 .uc_content{\n\tdisplay: flex;\n\tflex-wrap: wrap;\n    transform:rotate(0deg);\n}\n\n#uc_image_accodion_elementor_e70f801 .uc_content .uc_image_accodion_holder{\n\tdisplay: block;\n\tbackground-repeat: no-repeat;\n\tflex: 1;\n\ttext-align: center;\n\tposition: relative;\n\ttext-decoration: none;\n\ttransition: 1000ms;\n    overflow:hidden;\n    transform:skew(0deg);\n}\n\n#uc_image_accodion_elementor_e70f801 .uc_content .uc_image_accodion_holder.uc_hover{\n\tflex: 2;\n}\n\n#uc_image_accodion_elementor_e70f801 .uc_content .uc_image_accodion_holder .uc_overlay > * {\n    transform:skew(-0deg) rotate(-0deg);\n}\n\n#uc_image_accodion_elementor_e70f801 .uc_content .uc_image_accodion_holder .uc_overlay {\n    display: flex;\n    justify-content: center;\n    position: absolute;\n    top: 0;\n    right: 0;\n    bottom: 0;\n    left: 0;\n    transition:1000ms;\n}\n\n#uc_image_accodion_elementor_e70f801 .uc_content .uc_overlay .uc_overlay_inner {\n    z-index: 1;\n}\n\n#uc_image_accodion_elementor_e70f801 .uc_content .uc_overlay .ue_title-wrapper {   \n\topacity: 0;\n    visibility: hidden;\n}\n\n#uc_image_accodion_elementor_e70f801 .uc_content .uc_image_accodion_holder.uc_hover .ue_title-wrapper {\n    opacity: 1;\n    visibility: visible;\n    transition: 1000ms;\n}\n\n\n#uc_image_accodion_elementor_e70f801 .uc_content .uc_overlay .uc_overlay_inner div.ue-content {\n\ttransform: translate3d(0,60px,0);\n\topacity: 0;\n    visibility: hidden;\n}\n\n#uc_image_accodion_elementor_e70f801 .uc_content .uc_image_accodion_holder.uc_hover .uc_overlay .uc_overlay_inner div.ue-content {\n    opacity: 1;\n    visibility: visible;\n    transform: none;\n    transition: 1000ms;\n}\n\n\n\n#uc_image_accodion_elementor_e70f801 .ue_item_icon{\n  line-height:1em;\n}\n\n#uc_image_accodion_elementor_e70f801 .ue_item_icon svg{\n  height:1em;\n  width:1em;\n}\n\n#uc_image_accodion_elementor_e70f801 .ue_subtitle{\n  display:block;\n}\n\n\n#uc_image_accodion_elementor_e70f801 .uc_item_link{\n  position: absolute;\n  top: 0;\n  left: ;\n  width: 100%;\n  height: 100%;\n  display: block;\n  z-index: 1;\n}\n\n@media only screen and (max-width:800px){\n  #uc_image_accodion_elementor_e70f801 .uc_content {\n    flex-direction: column;\n  }\n}\n\n<\/style>\n\n<div class=\"uc_image_accodion uc_creative_buttons  \" id=\"uc_image_accodion_elementor_e70f801\" data-mobilestart=\"\"  >\n  <div class=\"uc_content uc-items-wrapper\">\n    \n\n<div class=\"uc_image_accodion_holder \"  style=\"overflow:hidden;background-image: url(https:\/\/golf-anderlecht.com\/wp-content\/uploads\/2025\/06\/Myswingcloud20-07-2024-a\u2560C-15.12.36-18-768x576.webp); background-position:center center; background-size:cover;\" >\n  <div class=\"uc_overlay\">\n    <div class=\"uc_overlay_inner\">\n                        \t\n             \n             \n                          <div class=\"ue-content\"> \n                            \n                          <\/div>\n                           \n          \n                 \t\t\n    <\/div>\n  <\/div>\n  \n      \n<\/div>\n\n\n<div class=\"uc_image_accodion_holder \"  style=\"overflow:hidden;background-image: url(https:\/\/golf-anderlecht.com\/wp-content\/uploads\/2025\/06\/Myswingcloud20-07-2024-a\u2560C-15.12.36-69.webp); background-position:center center; background-size:cover;\" >\n  <div class=\"uc_overlay\">\n    <div class=\"uc_overlay_inner\">\n                        \t\n             \n             \n                          <div class=\"ue-content\"> \n                            \n                          <\/div>\n                           \n          \n                 \t\t\n    <\/div>\n  <\/div>\n  \n      \n<\/div>\n\n\n<div class=\"uc_image_accodion_holder \"  style=\"overflow:hidden;background-image: url(https:\/\/golf-anderlecht.com\/wp-content\/uploads\/2025\/06\/Myswingcloud20-07-2024-a\u2560C-15.12.36-5-768x576.webp); background-position:center center; background-size:cover;\" >\n  <div class=\"uc_overlay\">\n    <div class=\"uc_overlay_inner\">\n                        \t\n             \n             \n                          <div class=\"ue-content\"> \n                            \n                          <\/div>\n                           \n          \n                 \t\t\n    <\/div>\n  <\/div>\n  \n      \n<\/div>\n\n\n<div class=\"uc_image_accodion_holder \"  style=\"overflow:hidden;background-image: url(https:\/\/golf-anderlecht.com\/wp-content\/uploads\/2025\/06\/Myswingcloud20-07-2024-a\u2560C-15.12.36-12.webp); background-position:center center; background-size:cover;\" >\n  <div class=\"uc_overlay\">\n    <div class=\"uc_overlay_inner\">\n                        \t\n             \n             \n                          <div class=\"ue-content\"> \n                            \n                          <\/div>\n                           \n          \n                 \t\t\n    <\/div>\n  <\/div>\n  \n      \n<\/div>\n\n\n<div class=\"uc_image_accodion_holder \"  style=\"overflow:hidden;background-image: url(https:\/\/golf-anderlecht.com\/wp-content\/uploads\/2025\/06\/Myswingcloud20-07-2024-a\u2560C-15.12.36-11.webp); background-position:center center; background-size:cover;\" >\n  <div class=\"uc_overlay\">\n    <div class=\"uc_overlay_inner\">\n                        \t\n             \n             \n                          <div class=\"ue-content\"> \n                            \n                          <\/div>\n                           \n          \n                 \t\t\n    <\/div>\n  <\/div>\n  \n      \n<\/div>\n\n\n<div class=\"uc_image_accodion_holder \"  style=\"overflow:hidden;background-image: url(https:\/\/golf-anderlecht.com\/wp-content\/uploads\/2025\/06\/Myswingcloud20-07-2024-a\u2560C-15.12.36-85.webp); background-position:center center; background-size:cover;\" >\n  <div class=\"uc_overlay\">\n    <div class=\"uc_overlay_inner\">\n                        \t\n             \n             \n                          <div class=\"ue-content\"> \n                            \n                          <\/div>\n                           \n          \n                 \t\t\n    <\/div>\n  <\/div>\n  \n      \n<\/div>\n\n  <\/div>\n<\/div>\n<!-- end Image Accordion -->\t\t\t\t<\/div>\n\t\t\t\t<\/div>\n\t\t\t\t\t<\/div>\n\t\t<\/div>\n\t\t\t\t\t<\/div>\n\t\t<\/section>\n\t\t\t\t<\/div>\n\t\t","protected":false},"excerpt":{"rendered":"<p>Rencontre de l&#8217;excellence et de l&#8217;innovation pour optimiser votre golf! Notre \u00e9quipe de pros et experts passionn\u00e9s vous enseignent le golf de fa\u00e7on personnalis\u00e9e et efficaces. Ils s&#8217;adaptent \u00e0 tous les niveaux, des d\u00e9butants aux joueurs confirm\u00e9s. Ils utilisent \u00e9galement la biom\u00e9canique et\u00a0Trackman. Technologies de pointes qui permettent de d\u00e9composer et am\u00e9liorer votre swing.\u00a0 Gr\u00e2ce [&hellip;]<\/p>\n","protected":false},"author":1,"featured_media":0,"parent":0,"menu_order":0,"comment_status":"closed","ping_status":"closed","template":"","meta":{"_acf_changed":false,"footnotes":""},"class_list":["post-41","page","type-page","status-publish","hentry"],"acf":[],"yoast_head":"<!-- This site is optimized with the Yoast SEO plugin v26.7 - https:\/\/yoast.com\/wordpress\/plugins\/seo\/ -->\n<title>MySwingCloud - Royal Amicale Anderlecht Golf Club<\/title>\n<meta name=\"robots\" content=\"index, follow, max-snippet:-1, max-image-preview:large, max-video-preview:-1\" \/>\n<link rel=\"canonical\" href=\"https:\/\/golf-anderlecht.com\/fr_fr\/myswingcloud\/\" \/>\n<meta property=\"og:locale\" content=\"fr_FR\" \/>\n<meta property=\"og:type\" content=\"article\" \/>\n<meta property=\"og:title\" content=\"MySwingCloud - Royal Amicale Anderlecht Golf Club\" \/>\n<meta property=\"og:description\" content=\"Rencontre de l&#8217;excellence et de l&#8217;innovation pour optimiser votre golf! Notre \u00e9quipe de pros et experts passionn\u00e9s vous enseignent le golf de fa\u00e7on personnalis\u00e9e et efficaces. Ils s&#8217;adaptent \u00e0 tous les niveaux, des d\u00e9butants aux joueurs confirm\u00e9s. Ils utilisent \u00e9galement la biom\u00e9canique et\u00a0Trackman. Technologies de pointes qui permettent de d\u00e9composer et am\u00e9liorer votre swing.\u00a0 Gr\u00e2ce [&hellip;]\" \/>\n<meta property=\"og:url\" content=\"https:\/\/golf-anderlecht.com\/fr_fr\/myswingcloud\/\" \/>\n<meta property=\"og:site_name\" content=\"Royal Amicale Anderlecht Golf Club\" \/>\n<meta property=\"article:modified_time\" content=\"2025-06-02T18:33:14+00:00\" \/>\n<meta name=\"twitter:card\" content=\"summary_large_image\" \/>\n<meta name=\"twitter:label1\" content=\"Dur\u00e9e de lecture estim\u00e9e\" \/>\n\t<meta name=\"twitter:data1\" content=\"2 minutes\" \/>\n<script type=\"application\/ld+json\" class=\"yoast-schema-graph\">{\"@context\":\"https:\/\/schema.org\",\"@graph\":[{\"@type\":\"WebPage\",\"@id\":\"https:\/\/golf-anderlecht.com\/myswingcloud\/\",\"url\":\"https:\/\/golf-anderlecht.com\/myswingcloud\/\",\"name\":\"MySwingCloud - Royal Amicale Anderlecht Golf Club\",\"isPartOf\":{\"@id\":\"https:\/\/golf-anderlecht.com\/fr_fr\/#website\"},\"datePublished\":\"2025-06-02T10:54:08+00:00\",\"dateModified\":\"2025-06-02T18:33:14+00:00\",\"breadcrumb\":{\"@id\":\"https:\/\/golf-anderlecht.com\/myswingcloud\/#breadcrumb\"},\"inLanguage\":\"fr-FR\",\"potentialAction\":[{\"@type\":\"ReadAction\",\"target\":[\"https:\/\/golf-anderlecht.com\/myswingcloud\/\"]}]},{\"@type\":\"BreadcrumbList\",\"@id\":\"https:\/\/golf-anderlecht.com\/myswingcloud\/#breadcrumb\",\"itemListElement\":[{\"@type\":\"ListItem\",\"position\":1,\"name\":\"Accueil\",\"item\":\"https:\/\/golf-anderlecht.com\/\"},{\"@type\":\"ListItem\",\"position\":2,\"name\":\"MySwingCloud\"}]},{\"@type\":\"WebSite\",\"@id\":\"https:\/\/golf-anderlecht.com\/fr_fr\/#website\",\"url\":\"https:\/\/golf-anderlecht.com\/fr_fr\/\",\"name\":\"Royal Amicale Anderlecht Golf Club\",\"description\":\"\",\"publisher\":{\"@id\":\"https:\/\/golf-anderlecht.com\/fr_fr\/#organization\"},\"potentialAction\":[{\"@type\":\"SearchAction\",\"target\":{\"@type\":\"EntryPoint\",\"urlTemplate\":\"https:\/\/golf-anderlecht.com\/fr_fr\/?s={search_term_string}\"},\"query-input\":{\"@type\":\"PropertyValueSpecification\",\"valueRequired\":true,\"valueName\":\"search_term_string\"}}],\"inLanguage\":\"fr-FR\"},{\"@type\":\"Organization\",\"@id\":\"https:\/\/golf-anderlecht.com\/fr_fr\/#organization\",\"name\":\"Royal Amicale Anderlecht Golf Club\",\"url\":\"https:\/\/golf-anderlecht.com\/fr_fr\/\",\"logo\":{\"@type\":\"ImageObject\",\"inLanguage\":\"fr-FR\",\"@id\":\"https:\/\/golf-anderlecht.com\/fr_fr\/#\/schema\/logo\/image\/\",\"url\":\"https:\/\/golf-anderlecht.com\/wp-content\/uploads\/2026\/03\/cropped-Logo-blanc-2026.png\",\"contentUrl\":\"https:\/\/golf-anderlecht.com\/wp-content\/uploads\/2026\/03\/cropped-Logo-blanc-2026.png\",\"width\":616,\"height\":617,\"caption\":\"Royal Amicale Anderlecht Golf Club\"},\"image\":{\"@id\":\"https:\/\/golf-anderlecht.com\/fr_fr\/#\/schema\/logo\/image\/\"}}]}<\/script>\n<!-- \/ Yoast SEO plugin. -->","yoast_head_json":{"title":"MySwingCloud - Royal Amicale Anderlecht Golf Club","robots":{"index":"index","follow":"follow","max-snippet":"max-snippet:-1","max-image-preview":"max-image-preview:large","max-video-preview":"max-video-preview:-1"},"canonical":"https:\/\/golf-anderlecht.com\/fr_fr\/myswingcloud\/","og_locale":"fr_FR","og_type":"article","og_title":"MySwingCloud - Royal Amicale Anderlecht Golf Club","og_description":"Rencontre de l&#8217;excellence et de l&#8217;innovation pour optimiser votre golf! Notre \u00e9quipe de pros et experts passionn\u00e9s vous enseignent le golf de fa\u00e7on personnalis\u00e9e et efficaces. Ils s&#8217;adaptent \u00e0 tous les niveaux, des d\u00e9butants aux joueurs confirm\u00e9s. Ils utilisent \u00e9galement la biom\u00e9canique et\u00a0Trackman. Technologies de pointes qui permettent de d\u00e9composer et am\u00e9liorer votre swing.\u00a0 Gr\u00e2ce [&hellip;]","og_url":"https:\/\/golf-anderlecht.com\/fr_fr\/myswingcloud\/","og_site_name":"Royal Amicale Anderlecht Golf Club","article_modified_time":"2025-06-02T18:33:14+00:00","twitter_card":"summary_large_image","twitter_misc":{"Dur\u00e9e de lecture estim\u00e9e":"2 minutes"},"schema":{"@context":"https:\/\/schema.org","@graph":[{"@type":"WebPage","@id":"https:\/\/golf-anderlecht.com\/myswingcloud\/","url":"https:\/\/golf-anderlecht.com\/myswingcloud\/","name":"MySwingCloud - Royal Amicale Anderlecht Golf Club","isPartOf":{"@id":"https:\/\/golf-anderlecht.com\/fr_fr\/#website"},"datePublished":"2025-06-02T10:54:08+00:00","dateModified":"2025-06-02T18:33:14+00:00","breadcrumb":{"@id":"https:\/\/golf-anderlecht.com\/myswingcloud\/#breadcrumb"},"inLanguage":"fr-FR","potentialAction":[{"@type":"ReadAction","target":["https:\/\/golf-anderlecht.com\/myswingcloud\/"]}]},{"@type":"BreadcrumbList","@id":"https:\/\/golf-anderlecht.com\/myswingcloud\/#breadcrumb","itemListElement":[{"@type":"ListItem","position":1,"name":"Accueil","item":"https:\/\/golf-anderlecht.com\/"},{"@type":"ListItem","position":2,"name":"MySwingCloud"}]},{"@type":"WebSite","@id":"https:\/\/golf-anderlecht.com\/fr_fr\/#website","url":"https:\/\/golf-anderlecht.com\/fr_fr\/","name":"Royal Amicale Anderlecht Golf Club","description":"","publisher":{"@id":"https:\/\/golf-anderlecht.com\/fr_fr\/#organization"},"potentialAction":[{"@type":"SearchAction","target":{"@type":"EntryPoint","urlTemplate":"https:\/\/golf-anderlecht.com\/fr_fr\/?s={search_term_string}"},"query-input":{"@type":"PropertyValueSpecification","valueRequired":true,"valueName":"search_term_string"}}],"inLanguage":"fr-FR"},{"@type":"Organization","@id":"https:\/\/golf-anderlecht.com\/fr_fr\/#organization","name":"Royal Amicale Anderlecht Golf Club","url":"https:\/\/golf-anderlecht.com\/fr_fr\/","logo":{"@type":"ImageObject","inLanguage":"fr-FR","@id":"https:\/\/golf-anderlecht.com\/fr_fr\/#\/schema\/logo\/image\/","url":"https:\/\/golf-anderlecht.com\/wp-content\/uploads\/2026\/03\/cropped-Logo-blanc-2026.png","contentUrl":"https:\/\/golf-anderlecht.com\/wp-content\/uploads\/2026\/03\/cropped-Logo-blanc-2026.png","width":616,"height":617,"caption":"Royal Amicale Anderlecht Golf Club"},"image":{"@id":"https:\/\/golf-anderlecht.com\/fr_fr\/#\/schema\/logo\/image\/"}}]}},"_links":{"self":[{"href":"https:\/\/golf-anderlecht.com\/fr_fr\/wp-json\/wp\/v2\/pages\/41","targetHints":{"allow":["GET"]}}],"collection":[{"href":"https:\/\/golf-anderlecht.com\/fr_fr\/wp-json\/wp\/v2\/pages"}],"about":[{"href":"https:\/\/golf-anderlecht.com\/fr_fr\/wp-json\/wp\/v2\/types\/page"}],"author":[{"embeddable":true,"href":"https:\/\/golf-anderlecht.com\/fr_fr\/wp-json\/wp\/v2\/users\/1"}],"replies":[{"embeddable":true,"href":"https:\/\/golf-anderlecht.com\/fr_fr\/wp-json\/wp\/v2\/comments?post=41"}],"version-history":[{"count":4,"href":"https:\/\/golf-anderlecht.com\/fr_fr\/wp-json\/wp\/v2\/pages\/41\/revisions"}],"predecessor-version":[{"id":447,"href":"https:\/\/golf-anderlecht.com\/fr_fr\/wp-json\/wp\/v2\/pages\/41\/revisions\/447"}],"wp:attachment":[{"href":"https:\/\/golf-anderlecht.com\/fr_fr\/wp-json\/wp\/v2\/media?parent=41"}],"curies":[{"name":"wp","href":"https:\/\/api.w.org\/{rel}","templated":true}]}}