{"id":32,"date":"2025-06-02T10:54:07","date_gmt":"2025-06-02T10:54:07","guid":{"rendered":"https:\/\/golf-vip.broz.be\/?page_id=32"},"modified":"2025-06-02T18:05:30","modified_gmt":"2025-06-02T18:05:30","slug":"reservation-green-fee","status":"publish","type":"page","link":"https:\/\/golf-anderlecht.com\/fr_fr\/reservation-green-fee\/","title":{"rendered":"R\u00e9servation &#038; Green-fee"},"content":{"rendered":"\t\t<div data-elementor-type=\"wp-page\" data-elementor-id=\"32\" class=\"elementor elementor-32\" data-elementor-post-type=\"page\">\n\t\t\t\t\t\t<section class=\"elementor-section elementor-top-section elementor-element elementor-element-723b614 elementor-section-boxed elementor-section-height-default elementor-section-height-default\" data-id=\"723b614\" data-element_type=\"section\">\n\t\t\t\t\t\t<div class=\"elementor-container elementor-column-gap-default\">\n\t\t\t\t\t<div class=\"elementor-column elementor-col-100 elementor-top-column elementor-element elementor-element-aee14d2\" data-id=\"aee14d2\" data-element_type=\"column\">\n\t\t\t<div class=\"elementor-widget-wrap elementor-element-populated\">\n\t\t\t\t\t\t<div class=\"elementor-element elementor-element-2305f25 elementor-widget elementor-widget-heading\" data-id=\"2305f25\" data-element_type=\"widget\" data-widget_type=\"heading.default\">\n\t\t\t\t<div class=\"elementor-widget-container\">\n\t\t\t\t\t<span class=\"elementor-heading-title elementor-size-default\">R\u00e9servation<\/span>\t\t\t\t<\/div>\n\t\t\t\t<\/div>\n\t\t\t\t<div class=\"elementor-element elementor-element-9d133c3 elementor-widget elementor-widget-heading\" data-id=\"9d133c3\" data-element_type=\"widget\" data-widget_type=\"heading.default\">\n\t\t\t\t<div class=\"elementor-widget-container\">\n\t\t\t\t\t<h2 class=\"elementor-heading-title elementor-size-default\">Demande de r\u00e9servation rapide et facile<\/h2>\t\t\t\t<\/div>\n\t\t\t\t<\/div>\n\t\t\t\t<div class=\"elementor-element elementor-element-2c511ca elementor-widget elementor-widget-text-editor\" data-id=\"2c511ca\" data-element_type=\"widget\" data-widget_type=\"text-editor.default\">\n\t\t\t\t<div class=\"elementor-widget-container\">\n\t\t\t\t\t\t\t\t\t<p>Compl\u00e9tez le formulaire ci-dessous pour faire votre demande de r\u00e9servation d\u2019heure de d\u00e9part.<br \/>Le secr\u00e9tariat vous recontactera dans les plus brefs d\u00e9lais pour vous confirmer votre r\u00e9servation ou vous proposer une alternative<br \/>Nous vous remercions de vous munir de votre carte de F\u00e9d\u00e9ration de golf en cours de validit\u00e9.\u00a0<\/p>\t\t\t\t\t\t\t\t<\/div>\n\t\t\t\t<\/div>\n\t\t\t\t<div class=\"elementor-element elementor-element-afaf97f elementor-widget-divider--view-line_icon elementor-view-default elementor-widget-divider--element-align-center elementor-widget elementor-widget-divider\" data-id=\"afaf97f\" data-element_type=\"widget\" data-widget_type=\"divider.default\">\n\t\t\t\t<div class=\"elementor-widget-container\">\n\t\t\t\t\t\t\t<div class=\"elementor-divider\">\n\t\t\t<span class=\"elementor-divider-separator\">\n\t\t\t\t\t\t\t<div class=\"elementor-icon elementor-divider__element\">\n\t\t\t\t\t<svg aria-hidden=\"true\" class=\"e-font-icon-svg e-fas-golf-ball\" viewBox=\"0 0 416 512\" xmlns=\"http:\/\/www.w3.org\/2000\/svg\"><path d=\"M96 416h224c0 17.7-14.3 32-32 32h-16c-17.7 0-32 14.3-32 32v20c0 6.6-5.4 12-12 12h-40c-6.6 0-12-5.4-12-12v-20c0-17.7-14.3-32-32-32h-16c-17.7 0-32-14.3-32-32zm320-208c0 74.2-39 139.2-97.5 176h-221C39 347.2 0 282.2 0 208 0 93.1 93.1 0 208 0s208 93.1 208 208zm-180.1 43.9c18.3 0 33.1-14.8 33.1-33.1 0-14.4-9.3-26.3-22.1-30.9 9.6 26.8-15.6 51.3-41.9 41.9 4.6 12.8 16.5 22.1 30.9 22.1zm49.1 46.9c0-14.4-9.3-26.3-22.1-30.9 9.6 26.8-15.6 51.3-41.9 41.9 4.6 12.8 16.5 22.1 30.9 22.1 18.3 0 33.1-14.9 33.1-33.1zm64-64c0-14.4-9.3-26.3-22.1-30.9 9.6 26.8-15.6 51.3-41.9 41.9 4.6 12.8 16.5 22.1 30.9 22.1 18.3 0 33.1-14.9 33.1-33.1z\"><\/path><\/svg><\/div>\n\t\t\t\t\t\t<\/span>\n\t\t<\/div>\n\t\t\t\t\t\t<\/div>\n\t\t\t\t<\/div>\n\t\t\t\t<div class=\"elementor-element elementor-element-ae1ffb9 elementor-button-align-center elementor-widget elementor-widget-form\" data-id=\"ae1ffb9\" data-element_type=\"widget\" data-settings=\"{&quot;button_width_tablet&quot;:&quot;70&quot;,&quot;step_next_label&quot;:&quot;Next&quot;,&quot;step_previous_label&quot;:&quot;Previous&quot;,&quot;step_type&quot;:&quot;number_text&quot;,&quot;step_icon_shape&quot;:&quot;circle&quot;}\" data-widget_type=\"form.default\">\n\t\t\t\t<div class=\"elementor-widget-container\">\n\t\t\t\t\t\t\t<form class=\"elementor-form\" method=\"post\" name=\"New Form\">\n\t\t\t<input type=\"hidden\" name=\"post_id\" value=\"32\"\/>\n\t\t\t<input type=\"hidden\" name=\"form_id\" value=\"ae1ffb9\"\/>\n\t\t\t<input type=\"hidden\" name=\"referer_title\" value=\"R\u00e9servation &amp; Green-fee - Royal Amicale Anderlecht Golf Club\" \/>\n\n\t\t\t\t\t\t\t<input type=\"hidden\" name=\"queried_id\" value=\"32\"\/>\n\t\t\t\n\t\t\t<div class=\"elementor-form-fields-wrapper elementor-labels-above\">\n\t\t\t\t\t\t\t\t<div class=\"elementor-field-type-text elementor-field-group elementor-column elementor-field-group-name elementor-col-50\">\n\t\t\t\t\t\t\t\t\t\t\t\t<label for=\"form-field-name\" class=\"elementor-field-label\">\n\t\t\t\t\t\t\t\tNom\t\t\t\t\t\t\t<\/label>\n\t\t\t\t\t\t\t\t\t\t\t\t\t\t<input size=\"1\" type=\"text\" name=\"form_fields[name]\" id=\"form-field-name\" class=\"elementor-field elementor-size-sm  elementor-field-textual\" placeholder=\"Votre nom\">\n\t\t\t\t\t\t\t\t\t\t\t<\/div>\n\t\t\t\t\t\t\t\t<div class=\"elementor-field-type-text elementor-field-group elementor-column elementor-field-group-field_3727979 elementor-col-50\">\n\t\t\t\t\t\t\t\t\t\t\t\t<label for=\"form-field-field_3727979\" class=\"elementor-field-label\">\n\t\t\t\t\t\t\t\tPr\u00e9nom\t\t\t\t\t\t\t<\/label>\n\t\t\t\t\t\t\t\t\t\t\t\t\t\t<input size=\"1\" type=\"text\" name=\"form_fields[field_3727979]\" id=\"form-field-field_3727979\" class=\"elementor-field elementor-size-sm  elementor-field-textual\" placeholder=\"Votre pr\u00e9nom\">\n\t\t\t\t\t\t\t\t\t\t\t<\/div>\n\t\t\t\t\t\t\t\t<div class=\"elementor-field-type-tel elementor-field-group elementor-column elementor-field-group-email elementor-col-50 elementor-field-required\">\n\t\t\t\t\t\t\t\t\t\t\t\t<label for=\"form-field-email\" class=\"elementor-field-label\">\n\t\t\t\t\t\t\t\tT\u00e9l\u00e9phone \t\t\t\t\t\t\t<\/label>\n\t\t\t\t\t\t\t\t<input size=\"1\" type=\"tel\" name=\"form_fields[email]\" id=\"form-field-email\" class=\"elementor-field elementor-size-sm  elementor-field-textual\" placeholder=\"Num\u00e9ro t\u00e9l\u00e9phone \" required=\"required\" pattern=\"[0-9()#&amp;+*-=.]+\" title=\"Seuls les caract\u00e8res de num\u00e9ros de t\u00e9l\u00e9phone (#, -, *, etc.) sont accept\u00e9s.\">\n\n\t\t\t\t\t\t<\/div>\n\t\t\t\t\t\t\t\t<div class=\"elementor-field-type-email elementor-field-group elementor-column elementor-field-group-field_a852bd5 elementor-col-50 elementor-field-required\">\n\t\t\t\t\t\t\t\t\t\t\t\t<label for=\"form-field-field_a852bd5\" class=\"elementor-field-label\">\n\t\t\t\t\t\t\t\tEmail\t\t\t\t\t\t\t<\/label>\n\t\t\t\t\t\t\t\t\t\t\t\t\t\t<input size=\"1\" type=\"email\" name=\"form_fields[field_a852bd5]\" id=\"form-field-field_a852bd5\" class=\"elementor-field elementor-size-sm  elementor-field-textual\" placeholder=\"Adresse e-mail\" required=\"required\">\n\t\t\t\t\t\t\t\t\t\t\t<\/div>\n\t\t\t\t\t\t\t\t<div class=\"elementor-field-type-text elementor-field-group elementor-column elementor-field-group-field_e471997 elementor-col-50 elementor-field-required\">\n\t\t\t\t\t\t\t\t\t\t\t\t<label for=\"form-field-field_e471997\" class=\"elementor-field-label\">\n\t\t\t\t\t\t\t\tSoci\u00e8t\u00e9 \t\t\t\t\t\t\t<\/label>\n\t\t\t\t\t\t\t\t\t\t\t\t\t\t<input size=\"1\" type=\"text\" name=\"form_fields[field_e471997]\" id=\"form-field-field_e471997\" class=\"elementor-field elementor-size-sm  elementor-field-textual\" placeholder=\"Votre soci\u00e9t\u00e9 \" required=\"required\">\n\t\t\t\t\t\t\t\t\t\t\t<\/div>\n\t\t\t\t\t\t\t\t<div class=\"elementor-field-type-text elementor-field-group elementor-column elementor-field-group-field_f141043 elementor-col-50 elementor-field-required\">\n\t\t\t\t\t\t\t\t\t\t\t\t<label for=\"form-field-field_f141043\" class=\"elementor-field-label\">\n\t\t\t\t\t\t\t\tGreen fee\t\t\t\t\t\t\t<\/label>\n\t\t\t\t\t\t\t\t\t\t\t\t\t\t<input size=\"1\" type=\"text\" name=\"form_fields[field_f141043]\" id=\"form-field-field_f141043\" class=\"elementor-field elementor-size-sm  elementor-field-textual\" placeholder=\"Date souhait\u00e9e\" required=\"required\">\n\t\t\t\t\t\t\t\t\t\t\t<\/div>\n\t\t\t\t\t\t\t\t<div class=\"elementor-field-type-text elementor-field-group elementor-column elementor-field-group-field_0128ff5 elementor-col-50 elementor-field-required\">\n\t\t\t\t\t\t\t\t\t\t\t\t<label for=\"form-field-field_0128ff5\" class=\"elementor-field-label\">\n\t\t\t\t\t\t\t\tGreen fee\t\t\t\t\t\t\t<\/label>\n\t\t\t\t\t\t\t\t\t\t\t\t\t\t<input size=\"1\" type=\"text\" name=\"form_fields[field_0128ff5]\" id=\"form-field-field_0128ff5\" class=\"elementor-field elementor-size-sm  elementor-field-textual\" placeholder=\"Heure souhait\u00e9e\" required=\"required\">\n\t\t\t\t\t\t\t\t\t\t\t<\/div>\n\t\t\t\t\t\t\t\t<div class=\"elementor-field-type-text elementor-field-group elementor-column elementor-field-group-field_c2b88fe elementor-col-50 elementor-field-required\">\n\t\t\t\t\t\t\t\t\t\t\t\t<label for=\"form-field-field_c2b88fe\" class=\"elementor-field-label\">\n\t\t\t\t\t\t\t\tTarif pr\u00e9f\u00e9rentiel\t\t\t\t\t\t\t<\/label>\n\t\t\t\t\t\t\t\t\t\t\t\t\t\t<input size=\"1\" type=\"text\" name=\"form_fields[field_c2b88fe]\" id=\"form-field-field_c2b88fe\" class=\"elementor-field elementor-size-sm  elementor-field-textual\" placeholder=\"Tarif pr\u00e9f\u00e9rentiel\" required=\"required\">\n\t\t\t\t\t\t\t\t\t\t\t<\/div>\n\t\t\t\t\t\t\t\t<div class=\"elementor-field-type-textarea elementor-field-group elementor-column elementor-field-group-message elementor-col-100\">\n\t\t\t\t\t\t\t\t\t\t\t\t<label for=\"form-field-message\" class=\"elementor-field-label\">\n\t\t\t\t\t\t\t\tVotre question ou remarque\t\t\t\t\t\t\t<\/label>\n\t\t\t\t\t\t<textarea class=\"elementor-field-textual elementor-field  elementor-size-sm\" name=\"form_fields[message]\" id=\"form-field-message\" rows=\"4\" placeholder=\"\u00e9crire ici \"><\/textarea>\t\t\t\t<\/div>\n\t\t\t\t\t\t\t\t<div class=\"elementor-field-group elementor-column elementor-field-type-submit elementor-col-100 e-form__buttons elementor-md-70\">\n\t\t\t\t\t<button class=\"elementor-button elementor-size-sm\" type=\"submit\">\n\t\t\t\t\t\t<span class=\"elementor-button-content-wrapper\">\n\t\t\t\t\t\t\t\t\t\t\t\t\t\t\t\t\t\t\t\t\t\t<span class=\"elementor-button-text\">Soumettre <\/span>\n\t\t\t\t\t\t\t\t\t\t\t\t\t<\/span>\n\t\t\t\t\t<\/button>\n\t\t\t\t<\/div>\n\t\t\t<\/div>\n\t\t<\/form>\n\t\t\t\t\t\t<\/div>\n\t\t\t\t<\/div>\n\t\t\t\t\t<\/div>\n\t\t<\/div>\n\t\t\t\t\t<\/div>\n\t\t<\/section>\n\t\t\t\t<\/div>\n\t\t","protected":false},"excerpt":{"rendered":"<p>R\u00e9servation Demande de r\u00e9servation rapide et facile Compl\u00e9tez le formulaire ci-dessous pour faire votre demande de r\u00e9servation d\u2019heure de d\u00e9part.Le secr\u00e9tariat vous recontactera dans les plus brefs d\u00e9lais pour vous confirmer votre r\u00e9servation ou vous proposer une alternativeNous vous remercions de vous munir de votre carte de F\u00e9d\u00e9ration de golf en cours de validit\u00e9.\u00a0<\/p>\n","protected":false},"author":1,"featured_media":0,"parent":0,"menu_order":0,"comment_status":"closed","ping_status":"closed","template":"","meta":{"_acf_changed":false,"footnotes":""},"class_list":["post-32","page","type-page","status-publish","hentry"],"acf":[],"yoast_head":"<!-- This site is optimized with the Yoast SEO plugin v26.7 - https:\/\/yoast.com\/wordpress\/plugins\/seo\/ -->\n<title>R\u00e9servation &amp; Green-fee - Royal Amicale Anderlecht Golf Club<\/title>\n<meta name=\"robots\" content=\"index, follow, max-snippet:-1, max-image-preview:large, max-video-preview:-1\" \/>\n<link rel=\"canonical\" href=\"https:\/\/golf-anderlecht.com\/fr_fr\/reservation-green-fee\/\" \/>\n<meta property=\"og:locale\" content=\"fr_FR\" \/>\n<meta property=\"og:type\" content=\"article\" \/>\n<meta property=\"og:title\" content=\"R\u00e9servation &amp; Green-fee - Royal Amicale Anderlecht Golf Club\" \/>\n<meta property=\"og:description\" content=\"R\u00e9servation Demande de r\u00e9servation rapide et facile Compl\u00e9tez le formulaire ci-dessous pour faire votre demande de r\u00e9servation d\u2019heure de d\u00e9part.Le secr\u00e9tariat vous recontactera dans les plus brefs d\u00e9lais pour vous confirmer votre r\u00e9servation ou vous proposer une alternativeNous vous remercions de vous munir de votre carte de F\u00e9d\u00e9ration de golf en cours de validit\u00e9.\u00a0\" \/>\n<meta property=\"og:url\" content=\"https:\/\/golf-anderlecht.com\/fr_fr\/reservation-green-fee\/\" \/>\n<meta property=\"og:site_name\" content=\"Royal Amicale Anderlecht Golf Club\" \/>\n<meta property=\"article:modified_time\" content=\"2025-06-02T18:05:30+00:00\" \/>\n<meta name=\"twitter:card\" content=\"summary_large_image\" \/>\n<meta name=\"twitter:label1\" content=\"Dur\u00e9e de lecture estim\u00e9e\" \/>\n\t<meta name=\"twitter:data1\" content=\"1 minute\" \/>\n<script type=\"application\/ld+json\" class=\"yoast-schema-graph\">{\"@context\":\"https:\/\/schema.org\",\"@graph\":[{\"@type\":\"WebPage\",\"@id\":\"https:\/\/golf-anderlecht.com\/en\/reservation-green-fee\/\",\"url\":\"https:\/\/golf-anderlecht.com\/en\/reservation-green-fee\/\",\"name\":\"R\u00e9servation & Green-fee - Royal Amicale Anderlecht Golf Club\",\"isPartOf\":{\"@id\":\"https:\/\/golf-anderlecht.com\/fr_fr\/#website\"},\"datePublished\":\"2025-06-02T10:54:07+00:00\",\"dateModified\":\"2025-06-02T18:05:30+00:00\",\"breadcrumb\":{\"@id\":\"https:\/\/golf-anderlecht.com\/en\/reservation-green-fee\/#breadcrumb\"},\"inLanguage\":\"fr-FR\",\"potentialAction\":[{\"@type\":\"ReadAction\",\"target\":[\"https:\/\/golf-anderlecht.com\/en\/reservation-green-fee\/\"]}]},{\"@type\":\"BreadcrumbList\",\"@id\":\"https:\/\/golf-anderlecht.com\/en\/reservation-green-fee\/#breadcrumb\",\"itemListElement\":[{\"@type\":\"ListItem\",\"position\":1,\"name\":\"Accueil\",\"item\":\"https:\/\/golf-anderlecht.com\/\"},{\"@type\":\"ListItem\",\"position\":2,\"name\":\"R\u00e9servation &#038; Green-fee\"}]},{\"@type\":\"WebSite\",\"@id\":\"https:\/\/golf-anderlecht.com\/fr_fr\/#website\",\"url\":\"https:\/\/golf-anderlecht.com\/fr_fr\/\",\"name\":\"Royal Amicale Anderlecht Golf Club\",\"description\":\"\",\"publisher\":{\"@id\":\"https:\/\/golf-anderlecht.com\/fr_fr\/#organization\"},\"potentialAction\":[{\"@type\":\"SearchAction\",\"target\":{\"@type\":\"EntryPoint\",\"urlTemplate\":\"https:\/\/golf-anderlecht.com\/fr_fr\/?s={search_term_string}\"},\"query-input\":{\"@type\":\"PropertyValueSpecification\",\"valueRequired\":true,\"valueName\":\"search_term_string\"}}],\"inLanguage\":\"fr-FR\"},{\"@type\":\"Organization\",\"@id\":\"https:\/\/golf-anderlecht.com\/fr_fr\/#organization\",\"name\":\"Royal Amicale Anderlecht Golf Club\",\"url\":\"https:\/\/golf-anderlecht.com\/fr_fr\/\",\"logo\":{\"@type\":\"ImageObject\",\"inLanguage\":\"fr-FR\",\"@id\":\"https:\/\/golf-anderlecht.com\/fr_fr\/#\/schema\/logo\/image\/\",\"url\":\"https:\/\/golf-anderlecht.com\/wp-content\/uploads\/2026\/03\/cropped-Logo-blanc-2026.png\",\"contentUrl\":\"https:\/\/golf-anderlecht.com\/wp-content\/uploads\/2026\/03\/cropped-Logo-blanc-2026.png\",\"width\":616,\"height\":617,\"caption\":\"Royal Amicale Anderlecht Golf Club\"},\"image\":{\"@id\":\"https:\/\/golf-anderlecht.com\/fr_fr\/#\/schema\/logo\/image\/\"}}]}<\/script>\n<!-- \/ Yoast SEO plugin. -->","yoast_head_json":{"title":"R\u00e9servation & Green-fee - Royal Amicale Anderlecht Golf Club","robots":{"index":"index","follow":"follow","max-snippet":"max-snippet:-1","max-image-preview":"max-image-preview:large","max-video-preview":"max-video-preview:-1"},"canonical":"https:\/\/golf-anderlecht.com\/fr_fr\/reservation-green-fee\/","og_locale":"fr_FR","og_type":"article","og_title":"R\u00e9servation & Green-fee - Royal Amicale Anderlecht Golf Club","og_description":"R\u00e9servation Demande de r\u00e9servation rapide et facile Compl\u00e9tez le formulaire ci-dessous pour faire votre demande de r\u00e9servation d\u2019heure de d\u00e9part.Le secr\u00e9tariat vous recontactera dans les plus brefs d\u00e9lais pour vous confirmer votre r\u00e9servation ou vous proposer une alternativeNous vous remercions de vous munir de votre carte de F\u00e9d\u00e9ration de golf en cours de validit\u00e9.\u00a0","og_url":"https:\/\/golf-anderlecht.com\/fr_fr\/reservation-green-fee\/","og_site_name":"Royal Amicale Anderlecht Golf Club","article_modified_time":"2025-06-02T18:05:30+00:00","twitter_card":"summary_large_image","twitter_misc":{"Dur\u00e9e de lecture estim\u00e9e":"1 minute"},"schema":{"@context":"https:\/\/schema.org","@graph":[{"@type":"WebPage","@id":"https:\/\/golf-anderlecht.com\/en\/reservation-green-fee\/","url":"https:\/\/golf-anderlecht.com\/en\/reservation-green-fee\/","name":"R\u00e9servation & Green-fee - Royal Amicale Anderlecht Golf Club","isPartOf":{"@id":"https:\/\/golf-anderlecht.com\/fr_fr\/#website"},"datePublished":"2025-06-02T10:54:07+00:00","dateModified":"2025-06-02T18:05:30+00:00","breadcrumb":{"@id":"https:\/\/golf-anderlecht.com\/en\/reservation-green-fee\/#breadcrumb"},"inLanguage":"fr-FR","potentialAction":[{"@type":"ReadAction","target":["https:\/\/golf-anderlecht.com\/en\/reservation-green-fee\/"]}]},{"@type":"BreadcrumbList","@id":"https:\/\/golf-anderlecht.com\/en\/reservation-green-fee\/#breadcrumb","itemListElement":[{"@type":"ListItem","position":1,"name":"Accueil","item":"https:\/\/golf-anderlecht.com\/"},{"@type":"ListItem","position":2,"name":"R\u00e9servation &#038; Green-fee"}]},{"@type":"WebSite","@id":"https:\/\/golf-anderlecht.com\/fr_fr\/#website","url":"https:\/\/golf-anderlecht.com\/fr_fr\/","name":"Royal Amicale Anderlecht Golf Club","description":"","publisher":{"@id":"https:\/\/golf-anderlecht.com\/fr_fr\/#organization"},"potentialAction":[{"@type":"SearchAction","target":{"@type":"EntryPoint","urlTemplate":"https:\/\/golf-anderlecht.com\/fr_fr\/?s={search_term_string}"},"query-input":{"@type":"PropertyValueSpecification","valueRequired":true,"valueName":"search_term_string"}}],"inLanguage":"fr-FR"},{"@type":"Organization","@id":"https:\/\/golf-anderlecht.com\/fr_fr\/#organization","name":"Royal Amicale Anderlecht Golf Club","url":"https:\/\/golf-anderlecht.com\/fr_fr\/","logo":{"@type":"ImageObject","inLanguage":"fr-FR","@id":"https:\/\/golf-anderlecht.com\/fr_fr\/#\/schema\/logo\/image\/","url":"https:\/\/golf-anderlecht.com\/wp-content\/uploads\/2026\/03\/cropped-Logo-blanc-2026.png","contentUrl":"https:\/\/golf-anderlecht.com\/wp-content\/uploads\/2026\/03\/cropped-Logo-blanc-2026.png","width":616,"height":617,"caption":"Royal Amicale Anderlecht Golf Club"},"image":{"@id":"https:\/\/golf-anderlecht.com\/fr_fr\/#\/schema\/logo\/image\/"}}]}},"_links":{"self":[{"href":"https:\/\/golf-anderlecht.com\/fr_fr\/wp-json\/wp\/v2\/pages\/32","targetHints":{"allow":["GET"]}}],"collection":[{"href":"https:\/\/golf-anderlecht.com\/fr_fr\/wp-json\/wp\/v2\/pages"}],"about":[{"href":"https:\/\/golf-anderlecht.com\/fr_fr\/wp-json\/wp\/v2\/types\/page"}],"author":[{"embeddable":true,"href":"https:\/\/golf-anderlecht.com\/fr_fr\/wp-json\/wp\/v2\/users\/1"}],"replies":[{"embeddable":true,"href":"https:\/\/golf-anderlecht.com\/fr_fr\/wp-json\/wp\/v2\/comments?post=32"}],"version-history":[{"count":4,"href":"https:\/\/golf-anderlecht.com\/fr_fr\/wp-json\/wp\/v2\/pages\/32\/revisions"}],"predecessor-version":[{"id":341,"href":"https:\/\/golf-anderlecht.com\/fr_fr\/wp-json\/wp\/v2\/pages\/32\/revisions\/341"}],"wp:attachment":[{"href":"https:\/\/golf-anderlecht.com\/fr_fr\/wp-json\/wp\/v2\/media?parent=32"}],"curies":[{"name":"wp","href":"https:\/\/api.w.org\/{rel}","templated":true}]}}