{"id":31,"date":"2025-06-02T10:54:07","date_gmt":"2025-06-02T10:54:07","guid":{"rendered":"https:\/\/golf-vip.broz.be\/?page_id=31"},"modified":"2025-06-02T18:03:25","modified_gmt":"2025-06-02T18:03:25","slug":"offres-corporate-sponsorship","status":"publish","type":"page","link":"https:\/\/golf-anderlecht.com\/fr_fr\/offres-corporate-sponsorship\/","title":{"rendered":"Offres Corporate &#038; Sponsorship"},"content":{"rendered":"\t\t<div data-elementor-type=\"wp-page\" data-elementor-id=\"31\" class=\"elementor elementor-31\" data-elementor-post-type=\"page\">\n\t\t\t\t\t\t<section class=\"elementor-section elementor-top-section elementor-element elementor-element-86ad9e4 elementor-section-boxed elementor-section-height-default elementor-section-height-default\" data-id=\"86ad9e4\" data-element_type=\"section\">\n\t\t\t\t\t\t<div class=\"elementor-container elementor-column-gap-default\">\n\t\t\t\t\t<div class=\"elementor-column elementor-col-100 elementor-top-column elementor-element elementor-element-04a8cad\" data-id=\"04a8cad\" data-element_type=\"column\">\n\t\t\t<div class=\"elementor-widget-wrap elementor-element-populated\">\n\t\t\t\t\t\t<div class=\"elementor-element elementor-element-5e7000e elementor-widget elementor-widget-heading\" data-id=\"5e7000e\" data-element_type=\"widget\" data-widget_type=\"heading.default\">\n\t\t\t\t<div class=\"elementor-widget-container\">\n\t\t\t\t\t<span class=\"elementor-heading-title elementor-size-default\">Corporate<\/span>\t\t\t\t<\/div>\n\t\t\t\t<\/div>\n\t\t\t\t<div class=\"elementor-element elementor-element-3f96e27 elementor-widget elementor-widget-heading\" data-id=\"3f96e27\" data-element_type=\"widget\" data-widget_type=\"heading.default\">\n\t\t\t\t<div class=\"elementor-widget-container\">\n\t\t\t\t\t<h2 class=\"elementor-heading-title elementor-size-default\">INITIATION TEAMBUILDING<\/h2>\t\t\t\t<\/div>\n\t\t\t\t<\/div>\n\t\t\t\t<div class=\"elementor-element elementor-element-6e8819e elementor-widget elementor-widget-text-editor\" data-id=\"6e8819e\" data-element_type=\"widget\" data-widget_type=\"text-editor.default\">\n\t\t\t\t<div class=\"elementor-widget-container\">\n\t\t\t\t\t\t\t\t\t<div dir=\"ltr\"><div class=\"\"><p class=\"\">Les initiations de golf au RAAGC sont une valeur ajout\u00e9e id\u00e9ale pour vos journ\u00e9es d&#8217;entreprise, s\u00e9minaires ou moments de team-building. Elles offrent une pause dynamique et stimulante, parfaite pour prendre un bol d&#8217;air frais, s&#8217;amuser entre coll\u00e8gues et d\u00e9couvrir un sport aussi captivant qu&#8217;\u00e9l\u00e9gant. Une exp\u00e9rience marquante pour vos collaborateurs, vos clients ou partenaires.<br \/>Une activit\u00e9 originale, conviviale et accessible \u00e0 tous !<\/p><\/div><\/div>\t\t\t\t\t\t\t\t<\/div>\n\t\t\t\t<\/div>\n\t\t\t\t\t<\/div>\n\t\t<\/div>\n\t\t\t\t\t<\/div>\n\t\t<\/section>\n\t\t\t\t<section class=\"elementor-section elementor-top-section elementor-element elementor-element-b4a1a39 elementor-reverse-mobile elementor-section-boxed elementor-section-height-default elementor-section-height-default\" data-id=\"b4a1a39\" data-element_type=\"section\">\n\t\t\t\t\t\t<div class=\"elementor-container elementor-column-gap-default\">\n\t\t\t\t\t<div class=\"elementor-column elementor-col-50 elementor-top-column elementor-element elementor-element-cda5416\" data-id=\"cda5416\" data-element_type=\"column\">\n\t\t\t<div class=\"elementor-widget-wrap elementor-element-populated\">\n\t\t\t\t\t\t<div class=\"elementor-element elementor-element-d2d9113 elementor-widget elementor-widget-text-editor\" data-id=\"d2d9113\" data-element_type=\"widget\" data-widget_type=\"text-editor.default\">\n\t\t\t\t<div class=\"elementor-widget-container\">\n\t\t\t\t\t\t\t\t\t<div class=\"col-lg-6 pt16 pb16 o_colored_level\"><div dir=\"ltr\"><div class=\"\"><p class=\"\" data-start=\"40\" data-end=\"217\">Le <strong data-start=\"43\" data-end=\"81\">Royal Amicale Anderlecht Golf Club<\/strong>, situ\u00e9 \u00e0 seulement quelques kilom\u00e8tres du centre-ville de Bruxelles, propose un parcours unique de 18 trous s&#8217;\u00e9tendant sur 40 hectares.<\/p><p class=\"\" data-start=\"219\" data-end=\"409\">Ce club prestigieux est nich\u00e9 dans un cadre naturel avec v\u00e9g\u00e9tation, buissons, plans d\u2019eau et de nombreux bunkers. Son trac\u00e9 exigeant requiert une ma\u00eetrise technique et une grande pr\u00e9cision.<\/p><p class=\"\" data-start=\"411\" data-end=\"641\">Le parcours dispose \u00e9galement d\u2019infrastructures modernes telles que des zones d&#8217;entra\u00eenement et un centre de performance pour am\u00e9liorer vos comp\u00e9tences. C\u2019est une destination incontournable pour les passionn\u00e9s de golf en Belgique.<\/p><p class=\"\" data-start=\"643\" data-end=\"761\"><strong data-start=\"643\" data-end=\"761\">Minimum : 12 personnes par initiateur\/entra\u00eeneur \u2013 nous pouvons accueillir jusqu\u2019\u00e0 5 ou 6 initiateurs\/entra\u00eeneurs.<\/strong><\/p><p class=\"\" data-start=\"763\" data-end=\"914\">Le Royal Amicale Anderlecht Golf Club propose des initiations au golf id\u00e9ales pour les journ\u00e9es d\u2019entreprise, s\u00e9minaires et activit\u00e9s de team building.<\/p><p class=\"\" data-start=\"916\" data-end=\"1249\">Accessibles \u00e0 tous, ces formules conviviales permettent de d\u00e9couvrir le golf dans une ambiance ludique, tout en renfor\u00e7ant la coh\u00e9sion d\u2019\u00e9quipe. Encadr\u00e9es par des professionnels, elles incluent l\u2019acc\u00e8s aux infrastructures, la location de mat\u00e9riel et s\u2019adressent \u00e0 des groupes jusqu\u2019\u00e0 12 personnes. Trois formules sont disponibles :<\/p><ul data-start=\"1250\" data-end=\"1395\"><li class=\"\" data-start=\"1250\" data-end=\"1288\"><p class=\"\" data-start=\"1252\" data-end=\"1288\"><strong data-start=\"1252\" data-end=\"1268\">Green Birdie<\/strong> (1h30 \u2013 40 \u20ac HT),<\/p><\/li><li class=\"\" data-start=\"1289\" data-end=\"1338\"><p class=\"\" data-start=\"1291\" data-end=\"1338\"><strong data-start=\"1291\" data-end=\"1305\">Yellow Par<\/strong> (2h avec challenge \u2013 50 \u20ac HT),<\/p><\/li><li class=\"\" data-start=\"1339\" data-end=\"1395\"><p class=\"\" data-start=\"1341\" data-end=\"1395\"><strong data-start=\"1341\" data-end=\"1354\">Red Eagle<\/strong> (3h avec Trackman et vid\u00e9o \u2013 65 \u20ac HT).<\/p><\/li><\/ul><p class=\"\" data-start=\"1397\" data-end=\"1572\">L\u2019exp\u00e9rience peut \u00eatre compl\u00e9t\u00e9e par un caf\u00e9 d\u2019accueil, un repas au Clubhouse ou l\u2019utilisation d\u2019une salle de s\u00e9minaire enti\u00e8rement \u00e9quip\u00e9e pour cr\u00e9er un \u00e9v\u00e9nement sur mesure.\u00a0<\/p><\/div><\/div><\/div>\t\t\t\t\t\t\t\t<\/div>\n\t\t\t\t<\/div>\n\t\t\t\t<div class=\"elementor-element elementor-element-f655a03 elementor-tablet-align-center elementor-mobile-align-left elementor-widget__width-auto elementor-widget elementor-widget-button\" data-id=\"f655a03\" data-element_type=\"widget\" data-widget_type=\"button.default\">\n\t\t\t\t<div class=\"elementor-widget-container\">\n\t\t\t\t\t\t\t\t\t<div class=\"elementor-button-wrapper\">\n\t\t\t\t\t<a class=\"elementor-button elementor-button-link elementor-size-sm\" href=\"https:\/\/golf-anderlecht.com\/sponsoring\/\">\n\t\t\t\t\t\t<span class=\"elementor-button-content-wrapper\">\n\t\t\t\t\t\t\t\t\t<span class=\"elementor-button-text\">Sponsoring<\/span>\n\t\t\t\t\t<\/span>\n\t\t\t\t\t<\/a>\n\t\t\t\t<\/div>\n\t\t\t\t\t\t\t\t<\/div>\n\t\t\t\t<\/div>\n\t\t\t\t<div class=\"elementor-element elementor-element-c2811c9 elementor-tablet-align-center elementor-mobile-align-left elementor-widget__width-auto elementor-widget elementor-widget-button\" data-id=\"c2811c9\" data-element_type=\"widget\" data-widget_type=\"button.default\">\n\t\t\t\t<div class=\"elementor-widget-container\">\n\t\t\t\t\t\t\t\t\t<div class=\"elementor-button-wrapper\">\n\t\t\t\t\t<a class=\"elementor-button elementor-button-link elementor-size-sm\" href=\"https:\/\/golf-anderlecht.com\/team-building\/\">\n\t\t\t\t\t\t<span class=\"elementor-button-content-wrapper\">\n\t\t\t\t\t\t\t\t\t<span class=\"elementor-button-text\">Team building<\/span>\n\t\t\t\t\t<\/span>\n\t\t\t\t\t<\/a>\n\t\t\t\t<\/div>\n\t\t\t\t\t\t\t\t<\/div>\n\t\t\t\t<\/div>\n\t\t\t\t\t<\/div>\n\t\t<\/div>\n\t\t\t\t<div class=\"elementor-column elementor-col-50 elementor-top-column elementor-element elementor-element-33eb676\" data-id=\"33eb676\" data-element_type=\"column\">\n\t\t\t<div class=\"elementor-widget-wrap elementor-element-populated\">\n\t\t\t\t\t\t<div class=\"elementor-element elementor-element-2247c2a elementor-widget elementor-widget-image\" data-id=\"2247c2a\" data-element_type=\"widget\" data-widget_type=\"image.default\">\n\t\t\t\t<div class=\"elementor-widget-container\">\n\t\t\t\t\t\t\t\t\t\t\t\t\t\t\t<img fetchpriority=\"high\" decoding=\"async\" width=\"800\" height=\"938\" src=\"https:\/\/golf-anderlecht.com\/wp-content\/uploads\/2025\/06\/021_imaginyou_-ec-1-873x1024.webp\" class=\"attachment-large size-large wp-image-202\" alt=\"\" srcset=\"https:\/\/golf-anderlecht.com\/wp-content\/uploads\/2025\/06\/021_imaginyou_-ec-1-873x1024.webp 873w, https:\/\/golf-anderlecht.com\/wp-content\/uploads\/2025\/06\/021_imaginyou_-ec-1-256x300.webp 256w, https:\/\/golf-anderlecht.com\/wp-content\/uploads\/2025\/06\/021_imaginyou_-ec-1-768x901.webp 768w, https:\/\/golf-anderlecht.com\/wp-content\/uploads\/2025\/06\/021_imaginyou_-ec-1-1310x1536.webp 1310w, https:\/\/golf-anderlecht.com\/wp-content\/uploads\/2025\/06\/021_imaginyou_-ec-1-1746x2048.webp 1746w, https:\/\/golf-anderlecht.com\/wp-content\/uploads\/2025\/06\/021_imaginyou_-ec-1.webp 2014w\" sizes=\"(max-width: 800px) 100vw, 800px\" \/>\t\t\t\t\t\t\t\t\t\t\t\t\t\t\t<\/div>\n\t\t\t\t<\/div>\n\t\t\t\t\t<\/div>\n\t\t<\/div>\n\t\t\t\t\t<\/div>\n\t\t<\/section>\n\t\t\t\t<\/div>\n\t\t","protected":false},"excerpt":{"rendered":"<p>Corporate INITIATION TEAMBUILDING Les initiations de golf au RAAGC sont une valeur ajout\u00e9e id\u00e9ale pour vos journ\u00e9es d&#8217;entreprise, s\u00e9minaires ou moments de team-building. Elles offrent une pause dynamique et stimulante, parfaite pour prendre un bol d&#8217;air frais, s&#8217;amuser entre coll\u00e8gues et d\u00e9couvrir un sport aussi captivant qu&#8217;\u00e9l\u00e9gant. Une exp\u00e9rience marquante pour vos collaborateurs, vos clients [&hellip;]<\/p>\n","protected":false},"author":1,"featured_media":0,"parent":0,"menu_order":0,"comment_status":"closed","ping_status":"closed","template":"","meta":{"_acf_changed":false,"footnotes":""},"class_list":["post-31","page","type-page","status-publish","hentry"],"acf":[],"yoast_head":"<!-- This site is optimized with the Yoast SEO plugin v26.7 - https:\/\/yoast.com\/wordpress\/plugins\/seo\/ -->\n<title>Offres Corporate &amp; Sponsorship - Royal Amicale Anderlecht Golf Club<\/title>\n<meta name=\"robots\" content=\"index, follow, max-snippet:-1, max-image-preview:large, max-video-preview:-1\" \/>\n<link rel=\"canonical\" href=\"https:\/\/golf-anderlecht.com\/fr_fr\/offres-corporate-sponsorship\/\" \/>\n<meta property=\"og:locale\" content=\"fr_FR\" \/>\n<meta property=\"og:type\" content=\"article\" \/>\n<meta property=\"og:title\" content=\"Offres Corporate &amp; Sponsorship - Royal Amicale Anderlecht Golf Club\" \/>\n<meta property=\"og:description\" content=\"Corporate INITIATION TEAMBUILDING Les initiations de golf au RAAGC sont une valeur ajout\u00e9e id\u00e9ale pour vos journ\u00e9es d&#8217;entreprise, s\u00e9minaires ou moments de team-building. Elles offrent une pause dynamique et stimulante, parfaite pour prendre un bol d&#8217;air frais, s&#8217;amuser entre coll\u00e8gues et d\u00e9couvrir un sport aussi captivant qu&#8217;\u00e9l\u00e9gant. Une exp\u00e9rience marquante pour vos collaborateurs, vos clients [&hellip;]\" \/>\n<meta property=\"og:url\" content=\"https:\/\/golf-anderlecht.com\/fr_fr\/offres-corporate-sponsorship\/\" \/>\n<meta property=\"og:site_name\" content=\"Royal Amicale Anderlecht Golf Club\" \/>\n<meta property=\"article:modified_time\" content=\"2025-06-02T18:03:25+00:00\" \/>\n<meta property=\"og:image\" content=\"https:\/\/golf-vip.broz.be\/wp-content\/uploads\/2025\/06\/021_imaginyou_-ec-1-873x1024.webp\" \/>\n<meta name=\"twitter:card\" content=\"summary_large_image\" \/>\n<meta name=\"twitter:label1\" content=\"Dur\u00e9e de lecture estim\u00e9e\" \/>\n\t<meta name=\"twitter:data1\" content=\"2 minutes\" \/>\n<script type=\"application\/ld+json\" class=\"yoast-schema-graph\">{\"@context\":\"https:\/\/schema.org\",\"@graph\":[{\"@type\":\"WebPage\",\"@id\":\"https:\/\/golf-anderlecht.com\/offres-corporate-sponsorship\/\",\"url\":\"https:\/\/golf-anderlecht.com\/offres-corporate-sponsorship\/\",\"name\":\"Offres Corporate & Sponsorship - Royal Amicale Anderlecht Golf Club\",\"isPartOf\":{\"@id\":\"https:\/\/golf-anderlecht.com\/fr_fr\/#website\"},\"primaryImageOfPage\":{\"@id\":\"https:\/\/golf-anderlecht.com\/offres-corporate-sponsorship\/#primaryimage\"},\"image\":{\"@id\":\"https:\/\/golf-anderlecht.com\/offres-corporate-sponsorship\/#primaryimage\"},\"thumbnailUrl\":\"https:\/\/golf-vip.broz.be\/wp-content\/uploads\/2025\/06\/021_imaginyou_-ec-1-873x1024.webp\",\"datePublished\":\"2025-06-02T10:54:07+00:00\",\"dateModified\":\"2025-06-02T18:03:25+00:00\",\"breadcrumb\":{\"@id\":\"https:\/\/golf-anderlecht.com\/offres-corporate-sponsorship\/#breadcrumb\"},\"inLanguage\":\"fr-FR\",\"potentialAction\":[{\"@type\":\"ReadAction\",\"target\":[\"https:\/\/golf-anderlecht.com\/offres-corporate-sponsorship\/\"]}]},{\"@type\":\"ImageObject\",\"inLanguage\":\"fr-FR\",\"@id\":\"https:\/\/golf-anderlecht.com\/offres-corporate-sponsorship\/#primaryimage\",\"url\":\"https:\/\/golf-vip.broz.be\/wp-content\/uploads\/2025\/06\/021_imaginyou_-ec-1-873x1024.webp\",\"contentUrl\":\"https:\/\/golf-vip.broz.be\/wp-content\/uploads\/2025\/06\/021_imaginyou_-ec-1-873x1024.webp\"},{\"@type\":\"BreadcrumbList\",\"@id\":\"https:\/\/golf-anderlecht.com\/offres-corporate-sponsorship\/#breadcrumb\",\"itemListElement\":[{\"@type\":\"ListItem\",\"position\":1,\"name\":\"Accueil\",\"item\":\"https:\/\/golf-anderlecht.com\/\"},{\"@type\":\"ListItem\",\"position\":2,\"name\":\"Offres Corporate &#038; Sponsorship\"}]},{\"@type\":\"WebSite\",\"@id\":\"https:\/\/golf-anderlecht.com\/fr_fr\/#website\",\"url\":\"https:\/\/golf-anderlecht.com\/fr_fr\/\",\"name\":\"Royal Amicale Anderlecht Golf Club\",\"description\":\"\",\"publisher\":{\"@id\":\"https:\/\/golf-anderlecht.com\/fr_fr\/#organization\"},\"potentialAction\":[{\"@type\":\"SearchAction\",\"target\":{\"@type\":\"EntryPoint\",\"urlTemplate\":\"https:\/\/golf-anderlecht.com\/fr_fr\/?s={search_term_string}\"},\"query-input\":{\"@type\":\"PropertyValueSpecification\",\"valueRequired\":true,\"valueName\":\"search_term_string\"}}],\"inLanguage\":\"fr-FR\"},{\"@type\":\"Organization\",\"@id\":\"https:\/\/golf-anderlecht.com\/fr_fr\/#organization\",\"name\":\"Royal Amicale Anderlecht Golf Club\",\"url\":\"https:\/\/golf-anderlecht.com\/fr_fr\/\",\"logo\":{\"@type\":\"ImageObject\",\"inLanguage\":\"fr-FR\",\"@id\":\"https:\/\/golf-anderlecht.com\/fr_fr\/#\/schema\/logo\/image\/\",\"url\":\"https:\/\/golf-anderlecht.com\/wp-content\/uploads\/2026\/03\/cropped-Logo-blanc-2026.png\",\"contentUrl\":\"https:\/\/golf-anderlecht.com\/wp-content\/uploads\/2026\/03\/cropped-Logo-blanc-2026.png\",\"width\":616,\"height\":617,\"caption\":\"Royal Amicale Anderlecht Golf Club\"},\"image\":{\"@id\":\"https:\/\/golf-anderlecht.com\/fr_fr\/#\/schema\/logo\/image\/\"}}]}<\/script>\n<!-- \/ Yoast SEO plugin. -->","yoast_head_json":{"title":"Offres Corporate & Sponsorship - Royal Amicale Anderlecht Golf Club","robots":{"index":"index","follow":"follow","max-snippet":"max-snippet:-1","max-image-preview":"max-image-preview:large","max-video-preview":"max-video-preview:-1"},"canonical":"https:\/\/golf-anderlecht.com\/fr_fr\/offres-corporate-sponsorship\/","og_locale":"fr_FR","og_type":"article","og_title":"Offres Corporate & Sponsorship - Royal Amicale Anderlecht Golf Club","og_description":"Corporate INITIATION TEAMBUILDING Les initiations de golf au RAAGC sont une valeur ajout\u00e9e id\u00e9ale pour vos journ\u00e9es d&#8217;entreprise, s\u00e9minaires ou moments de team-building. Elles offrent une pause dynamique et stimulante, parfaite pour prendre un bol d&#8217;air frais, s&#8217;amuser entre coll\u00e8gues et d\u00e9couvrir un sport aussi captivant qu&#8217;\u00e9l\u00e9gant. Une exp\u00e9rience marquante pour vos collaborateurs, vos clients [&hellip;]","og_url":"https:\/\/golf-anderlecht.com\/fr_fr\/offres-corporate-sponsorship\/","og_site_name":"Royal Amicale Anderlecht Golf Club","article_modified_time":"2025-06-02T18:03:25+00:00","og_image":[{"url":"https:\/\/golf-vip.broz.be\/wp-content\/uploads\/2025\/06\/021_imaginyou_-ec-1-873x1024.webp","type":"","width":"","height":""}],"twitter_card":"summary_large_image","twitter_misc":{"Dur\u00e9e de lecture estim\u00e9e":"2 minutes"},"schema":{"@context":"https:\/\/schema.org","@graph":[{"@type":"WebPage","@id":"https:\/\/golf-anderlecht.com\/offres-corporate-sponsorship\/","url":"https:\/\/golf-anderlecht.com\/offres-corporate-sponsorship\/","name":"Offres Corporate & Sponsorship - Royal Amicale Anderlecht Golf Club","isPartOf":{"@id":"https:\/\/golf-anderlecht.com\/fr_fr\/#website"},"primaryImageOfPage":{"@id":"https:\/\/golf-anderlecht.com\/offres-corporate-sponsorship\/#primaryimage"},"image":{"@id":"https:\/\/golf-anderlecht.com\/offres-corporate-sponsorship\/#primaryimage"},"thumbnailUrl":"https:\/\/golf-vip.broz.be\/wp-content\/uploads\/2025\/06\/021_imaginyou_-ec-1-873x1024.webp","datePublished":"2025-06-02T10:54:07+00:00","dateModified":"2025-06-02T18:03:25+00:00","breadcrumb":{"@id":"https:\/\/golf-anderlecht.com\/offres-corporate-sponsorship\/#breadcrumb"},"inLanguage":"fr-FR","potentialAction":[{"@type":"ReadAction","target":["https:\/\/golf-anderlecht.com\/offres-corporate-sponsorship\/"]}]},{"@type":"ImageObject","inLanguage":"fr-FR","@id":"https:\/\/golf-anderlecht.com\/offres-corporate-sponsorship\/#primaryimage","url":"https:\/\/golf-vip.broz.be\/wp-content\/uploads\/2025\/06\/021_imaginyou_-ec-1-873x1024.webp","contentUrl":"https:\/\/golf-vip.broz.be\/wp-content\/uploads\/2025\/06\/021_imaginyou_-ec-1-873x1024.webp"},{"@type":"BreadcrumbList","@id":"https:\/\/golf-anderlecht.com\/offres-corporate-sponsorship\/#breadcrumb","itemListElement":[{"@type":"ListItem","position":1,"name":"Accueil","item":"https:\/\/golf-anderlecht.com\/"},{"@type":"ListItem","position":2,"name":"Offres Corporate &#038; Sponsorship"}]},{"@type":"WebSite","@id":"https:\/\/golf-anderlecht.com\/fr_fr\/#website","url":"https:\/\/golf-anderlecht.com\/fr_fr\/","name":"Royal Amicale Anderlecht Golf Club","description":"","publisher":{"@id":"https:\/\/golf-anderlecht.com\/fr_fr\/#organization"},"potentialAction":[{"@type":"SearchAction","target":{"@type":"EntryPoint","urlTemplate":"https:\/\/golf-anderlecht.com\/fr_fr\/?s={search_term_string}"},"query-input":{"@type":"PropertyValueSpecification","valueRequired":true,"valueName":"search_term_string"}}],"inLanguage":"fr-FR"},{"@type":"Organization","@id":"https:\/\/golf-anderlecht.com\/fr_fr\/#organization","name":"Royal Amicale Anderlecht Golf Club","url":"https:\/\/golf-anderlecht.com\/fr_fr\/","logo":{"@type":"ImageObject","inLanguage":"fr-FR","@id":"https:\/\/golf-anderlecht.com\/fr_fr\/#\/schema\/logo\/image\/","url":"https:\/\/golf-anderlecht.com\/wp-content\/uploads\/2026\/03\/cropped-Logo-blanc-2026.png","contentUrl":"https:\/\/golf-anderlecht.com\/wp-content\/uploads\/2026\/03\/cropped-Logo-blanc-2026.png","width":616,"height":617,"caption":"Royal Amicale Anderlecht Golf Club"},"image":{"@id":"https:\/\/golf-anderlecht.com\/fr_fr\/#\/schema\/logo\/image\/"}}]}},"_links":{"self":[{"href":"https:\/\/golf-anderlecht.com\/fr_fr\/wp-json\/wp\/v2\/pages\/31","targetHints":{"allow":["GET"]}}],"collection":[{"href":"https:\/\/golf-anderlecht.com\/fr_fr\/wp-json\/wp\/v2\/pages"}],"about":[{"href":"https:\/\/golf-anderlecht.com\/fr_fr\/wp-json\/wp\/v2\/types\/page"}],"author":[{"embeddable":true,"href":"https:\/\/golf-anderlecht.com\/fr_fr\/wp-json\/wp\/v2\/users\/1"}],"replies":[{"embeddable":true,"href":"https:\/\/golf-anderlecht.com\/fr_fr\/wp-json\/wp\/v2\/comments?post=31"}],"version-history":[{"count":4,"href":"https:\/\/golf-anderlecht.com\/fr_fr\/wp-json\/wp\/v2\/pages\/31\/revisions"}],"predecessor-version":[{"id":338,"href":"https:\/\/golf-anderlecht.com\/fr_fr\/wp-json\/wp\/v2\/pages\/31\/revisions\/338"}],"wp:attachment":[{"href":"https:\/\/golf-anderlecht.com\/fr_fr\/wp-json\/wp\/v2\/media?parent=31"}],"curies":[{"name":"wp","href":"https:\/\/api.w.org\/{rel}","templated":true}]}}