{"id":31,"date":"2025-06-02T10:54:07","date_gmt":"2025-06-02T10:54:07","guid":{"rendered":"https:\/\/golf-vip.broz.be\/?page_id=31"},"modified":"2025-06-02T18:03:25","modified_gmt":"2025-06-02T18:03:25","slug":"offres-corporate-sponsorship","status":"publish","type":"page","link":"https:\/\/golf-anderlecht.com\/en\/offres-corporate-sponsorship\/","title":{"rendered":"Corporate &amp; Sponsorship Offers"},"content":{"rendered":"<div data-elementor-type=\"wp-page\" data-elementor-id=\"31\" class=\"elementor elementor-31\" data-elementor-post-type=\"page\">\n\t\t\t\t\t\t<section class=\"elementor-section elementor-top-section elementor-element elementor-element-86ad9e4 elementor-section-boxed elementor-section-height-default elementor-section-height-default\" data-id=\"86ad9e4\" data-element_type=\"section\" data-e-type=\"section\">\n\t\t\t\t\t\t<div class=\"elementor-container elementor-column-gap-default\">\n\t\t\t\t\t<div class=\"elementor-column elementor-col-100 elementor-top-column elementor-element elementor-element-04a8cad\" data-id=\"04a8cad\" data-element_type=\"column\" data-e-type=\"column\">\n\t\t\t<div class=\"elementor-widget-wrap elementor-element-populated\">\n\t\t\t\t\t\t<div class=\"elementor-element elementor-element-5e7000e elementor-widget elementor-widget-heading\" data-id=\"5e7000e\" data-element_type=\"widget\" data-e-type=\"widget\" data-widget_type=\"heading.default\">\n\t\t\t\t<div class=\"elementor-widget-container\">\n\t\t\t\t\t<span class=\"elementor-heading-title elementor-size-default\">Corporate<\/span>\t\t\t\t<\/div>\n\t\t\t\t<\/div>\n\t\t\t\t<div class=\"elementor-element elementor-element-3f96e27 elementor-widget elementor-widget-heading\" data-id=\"3f96e27\" data-element_type=\"widget\" data-e-type=\"widget\" data-widget_type=\"heading.default\">\n\t\t\t\t<div class=\"elementor-widget-container\">\n\t\t\t\t\t<h2 class=\"elementor-heading-title elementor-size-default\">TEAMBUILDING INITIATION<\/h2>\t\t\t\t<\/div>\n\t\t\t\t<\/div>\n\t\t\t\t<div class=\"elementor-element elementor-element-6e8819e elementor-widget elementor-widget-text-editor\" data-id=\"6e8819e\" data-element_type=\"widget\" data-e-type=\"widget\" data-widget_type=\"text-editor.default\">\n\t\t\t\t<div class=\"elementor-widget-container\">\n\t\t\t\t\t\t\t\t\t<div dir=\"ltr\"><div class=\"\"><p class=\"\">Golf initiations at the RAAGC are an ideal added value for your corporate days, seminars, or team-building events. They offer a dynamic and stimulating break, perfect for getting some fresh air, having fun with colleagues, and discovering a sport that is as captivating as it is elegant. A memorable experience for your employees, clients, or partners.<br \/>An original, friendly activity accessible to all!<\/p><\/div><\/div>\t\t\t\t\t\t\t\t<\/div>\n\t\t\t\t<\/div>\n\t\t\t\t\t<\/div>\n\t\t<\/div>\n\t\t\t\t\t<\/div>\n\t\t<\/section>\n\t\t\t\t<section class=\"elementor-section elementor-top-section elementor-element elementor-element-b4a1a39 elementor-reverse-mobile elementor-section-boxed elementor-section-height-default elementor-section-height-default\" data-id=\"b4a1a39\" data-element_type=\"section\" data-e-type=\"section\">\n\t\t\t\t\t\t<div class=\"elementor-container elementor-column-gap-default\">\n\t\t\t\t\t<div class=\"elementor-column elementor-col-50 elementor-top-column elementor-element elementor-element-cda5416\" data-id=\"cda5416\" data-element_type=\"column\" data-e-type=\"column\">\n\t\t\t<div class=\"elementor-widget-wrap elementor-element-populated\">\n\t\t\t\t\t\t<div class=\"elementor-element elementor-element-d2d9113 elementor-widget elementor-widget-text-editor\" data-id=\"d2d9113\" data-element_type=\"widget\" data-e-type=\"widget\" data-widget_type=\"text-editor.default\">\n\t\t\t\t<div class=\"elementor-widget-container\">\n\t\t\t\t\t\t\t\t\t<div class=\"col-lg-6 pt16 pb16 o_colored_level\"><div dir=\"ltr\"><div class=\"\"><p class=\"\" data-start=\"40\" data-end=\"217\">THE <strong data-start=\"43\" data-end=\"81\">Royal Amicale Anderlecht Golf Club<\/strong>, located just a few kilometers from Brussels city center, offers a unique 18-hole course extending over 40 hectares.<\/p><p class=\"\" data-start=\"219\" data-end=\"409\">This prestigious club is nestled in a natural setting with vegetation, bushes, lakes, and numerous bunkers. Its demanding layout requires technical mastery and great precision.<\/p><p class=\"\" data-start=\"411\" data-end=\"641\">The course also features modern facilities such as practice areas and a performance center to improve your skills. It is a must-see destination for golf enthusiasts in Belgium.<\/p><p class=\"\" data-start=\"643\" data-end=\"761\"><strong data-start=\"643\" data-end=\"761\">Minimum: 12 people per initiator\/trainer \u2013 we can accommodate up to 5 or 6 initiators\/trainers.<\/strong><\/p><p class=\"\" data-start=\"763\" data-end=\"914\">The Royal Amicale Anderlecht Golf Club offers golf initiations ideal for corporate days, seminars and team building activities.<\/p><p class=\"\" data-start=\"916\" data-end=\"1249\">Accessible to all, these friendly packages allow you to discover golf in a fun atmosphere, while strengthening team cohesion. Supervised by professionals, they include access to facilities, equipment rental, and are aimed at groups of up to 12 people. Three packages are available:<\/p><ul data-start=\"1250\" data-end=\"1395\"><li class=\"\" data-start=\"1250\" data-end=\"1288\"><p class=\"\" data-start=\"1252\" data-end=\"1288\"><strong data-start=\"1252\" data-end=\"1268\">Green Birdie<\/strong> (1h30 \u2013 \u20ac40 excluding VAT),<\/p><\/li><li class=\"\" data-start=\"1289\" data-end=\"1338\"><p class=\"\" data-start=\"1291\" data-end=\"1338\"><strong data-start=\"1291\" data-end=\"1305\">Yellow Par<\/strong> (2 hours with challenge \u2013 \u20ac50 excluding VAT),<\/p><\/li><li class=\"\" data-start=\"1339\" data-end=\"1395\"><p class=\"\" data-start=\"1341\" data-end=\"1395\"><strong data-start=\"1341\" data-end=\"1354\">Red Eagle<\/strong> (3 hours with Trackman and video \u2013 \u20ac65 excluding VAT).<\/p><\/li><\/ul><p class=\"\" data-start=\"1397\" data-end=\"1572\">The experience can be completed with a welcome coffee, a meal in the Clubhouse or the use of a fully equipped seminar room to create a tailor-made event.\u00a0<\/p><\/div><\/div><\/div>\t\t\t\t\t\t\t\t<\/div>\n\t\t\t\t<\/div>\n\t\t\t\t<div class=\"elementor-element elementor-element-f655a03 elementor-tablet-align-center elementor-mobile-align-left elementor-widget__width-auto elementor-widget elementor-widget-button\" data-id=\"f655a03\" data-element_type=\"widget\" data-e-type=\"widget\" data-widget_type=\"button.default\">\n\t\t\t\t<div class=\"elementor-widget-container\">\n\t\t\t\t\t\t\t\t\t<div class=\"elementor-button-wrapper\">\n\t\t\t\t\t<a class=\"elementor-button elementor-button-link elementor-size-sm\" href=\"https:\/\/golf-anderlecht.com\/en\/sponsoring\/\">\n\t\t\t\t\t\t<span class=\"elementor-button-content-wrapper\">\n\t\t\t\t\t\t\t\t\t<span class=\"elementor-button-text\">Sponsorship<\/span>\n\t\t\t\t\t<\/span>\n\t\t\t\t\t<\/a>\n\t\t\t\t<\/div>\n\t\t\t\t\t\t\t\t<\/div>\n\t\t\t\t<\/div>\n\t\t\t\t<div class=\"elementor-element elementor-element-c2811c9 elementor-tablet-align-center elementor-mobile-align-left elementor-widget__width-auto elementor-widget elementor-widget-button\" data-id=\"c2811c9\" data-element_type=\"widget\" data-e-type=\"widget\" data-widget_type=\"button.default\">\n\t\t\t\t<div class=\"elementor-widget-container\">\n\t\t\t\t\t\t\t\t\t<div class=\"elementor-button-wrapper\">\n\t\t\t\t\t<a class=\"elementor-button elementor-button-link elementor-size-sm\" href=\"https:\/\/golf-anderlecht.com\/en\/team-building\/\">\n\t\t\t\t\t\t<span class=\"elementor-button-content-wrapper\">\n\t\t\t\t\t\t\t\t\t<span class=\"elementor-button-text\">Team building<\/span>\n\t\t\t\t\t<\/span>\n\t\t\t\t\t<\/a>\n\t\t\t\t<\/div>\n\t\t\t\t\t\t\t\t<\/div>\n\t\t\t\t<\/div>\n\t\t\t\t\t<\/div>\n\t\t<\/div>\n\t\t\t\t<div class=\"elementor-column elementor-col-50 elementor-top-column elementor-element elementor-element-33eb676\" data-id=\"33eb676\" data-element_type=\"column\" data-e-type=\"column\">\n\t\t\t<div class=\"elementor-widget-wrap elementor-element-populated\">\n\t\t\t\t\t\t<div class=\"elementor-element elementor-element-2247c2a elementor-widget elementor-widget-image\" data-id=\"2247c2a\" data-element_type=\"widget\" data-e-type=\"widget\" data-widget_type=\"image.default\">\n\t\t\t\t<div class=\"elementor-widget-container\">\n\t\t\t\t\t\t\t\t\t\t\t\t\t\t\t<img fetchpriority=\"high\" decoding=\"async\" width=\"800\" height=\"938\" src=\"https:\/\/golf-anderlecht.com\/wp-content\/uploads\/2025\/06\/021_imaginyou_-ec-1-873x1024.webp\" class=\"attachment-large size-large wp-image-202\" alt=\"\" srcset=\"https:\/\/golf-anderlecht.com\/wp-content\/uploads\/2025\/06\/021_imaginyou_-ec-1-873x1024.webp 873w, https:\/\/golf-anderlecht.com\/wp-content\/uploads\/2025\/06\/021_imaginyou_-ec-1-256x300.webp 256w, https:\/\/golf-anderlecht.com\/wp-content\/uploads\/2025\/06\/021_imaginyou_-ec-1-768x901.webp 768w, https:\/\/golf-anderlecht.com\/wp-content\/uploads\/2025\/06\/021_imaginyou_-ec-1-1310x1536.webp 1310w, https:\/\/golf-anderlecht.com\/wp-content\/uploads\/2025\/06\/021_imaginyou_-ec-1-1746x2048.webp 1746w, https:\/\/golf-anderlecht.com\/wp-content\/uploads\/2025\/06\/021_imaginyou_-ec-1.webp 2014w\" sizes=\"(max-width: 800px) 100vw, 800px\" \/>\t\t\t\t\t\t\t\t\t\t\t\t\t\t\t<\/div>\n\t\t\t\t<\/div>\n\t\t\t\t\t<\/div>\n\t\t<\/div>\n\t\t\t\t\t<\/div>\n\t\t<\/section>\n\t\t\t\t<\/div>","protected":false},"excerpt":{"rendered":"<p>Corporate INITIATION TEAMBUILDING Les initiations de golf au RAAGC sont une valeur ajout\u00e9e id\u00e9ale pour vos journ\u00e9es d&#8217;entreprise, s\u00e9minaires ou moments de team-building. Elles offrent une pause dynamique et stimulante, parfaite pour prendre un bol d&#8217;air frais, s&#8217;amuser entre coll\u00e8gues et d\u00e9couvrir un sport aussi captivant qu&#8217;\u00e9l\u00e9gant. Une exp\u00e9rience marquante pour vos collaborateurs, vos clients [&hellip;]<\/p>\n","protected":false},"author":1,"featured_media":0,"parent":0,"menu_order":0,"comment_status":"closed","ping_status":"closed","template":"","meta":{"_acf_changed":false,"footnotes":""},"class_list":["post-31","page","type-page","status-publish","hentry"],"acf":[],"yoast_head":"<!-- This site is optimized with the Yoast SEO plugin v27.4 - https:\/\/yoast.com\/product\/yoast-seo-wordpress\/ -->\n<title>Offres Corporate &amp; Sponsorship - Royal Amicale Anderlecht Golf Club<\/title>\n<meta name=\"robots\" content=\"index, follow, max-snippet:-1, max-image-preview:large, max-video-preview:-1\" \/>\n<link rel=\"canonical\" href=\"https:\/\/golf-anderlecht.com\/en\/offres-corporate-sponsorship\/\" \/>\n<meta property=\"og:locale\" content=\"en_GB\" \/>\n<meta property=\"og:type\" content=\"article\" \/>\n<meta property=\"og:title\" content=\"Offres Corporate &amp; Sponsorship - Royal Amicale Anderlecht Golf Club\" \/>\n<meta property=\"og:description\" content=\"Corporate INITIATION TEAMBUILDING Les initiations de golf au RAAGC sont une valeur ajout\u00e9e id\u00e9ale pour vos journ\u00e9es d&#8217;entreprise, s\u00e9minaires ou moments de team-building. Elles offrent une pause dynamique et stimulante, parfaite pour prendre un bol d&#8217;air frais, s&#8217;amuser entre coll\u00e8gues et d\u00e9couvrir un sport aussi captivant qu&#8217;\u00e9l\u00e9gant. Une exp\u00e9rience marquante pour vos collaborateurs, vos clients [&hellip;]\" \/>\n<meta property=\"og:url\" content=\"https:\/\/golf-anderlecht.com\/en\/offres-corporate-sponsorship\/\" \/>\n<meta property=\"og:site_name\" content=\"Royal Amicale Anderlecht Golf Club\" \/>\n<meta property=\"article:modified_time\" content=\"2025-06-02T18:03:25+00:00\" \/>\n<meta property=\"og:image\" content=\"https:\/\/golf-vip.broz.be\/wp-content\/uploads\/2025\/06\/021_imaginyou_-ec-1-873x1024.webp\" \/>\n<meta name=\"twitter:card\" content=\"summary_large_image\" \/>\n<meta name=\"twitter:label1\" content=\"Estimated reading time\" \/>\n\t<meta name=\"twitter:data1\" content=\"2 minutes\" \/>\n<script type=\"application\/ld+json\" class=\"yoast-schema-graph\">{\"@context\":\"https:\\\/\\\/schema.org\",\"@graph\":[{\"@type\":\"WebPage\",\"@id\":\"https:\\\/\\\/golf-anderlecht.com\\\/offres-corporate-sponsorship\\\/\",\"url\":\"https:\\\/\\\/golf-anderlecht.com\\\/offres-corporate-sponsorship\\\/\",\"name\":\"Offres Corporate & Sponsorship - Royal Amicale Anderlecht Golf Club\",\"isPartOf\":{\"@id\":\"https:\\\/\\\/golf-anderlecht.com\\\/fr_fr\\\/#website\"},\"primaryImageOfPage\":{\"@id\":\"https:\\\/\\\/golf-anderlecht.com\\\/offres-corporate-sponsorship\\\/#primaryimage\"},\"image\":{\"@id\":\"https:\\\/\\\/golf-anderlecht.com\\\/offres-corporate-sponsorship\\\/#primaryimage\"},\"thumbnailUrl\":\"https:\\\/\\\/golf-vip.broz.be\\\/wp-content\\\/uploads\\\/2025\\\/06\\\/021_imaginyou_-ec-1-873x1024.webp\",\"datePublished\":\"2025-06-02T10:54:07+00:00\",\"dateModified\":\"2025-06-02T18:03:25+00:00\",\"breadcrumb\":{\"@id\":\"https:\\\/\\\/golf-anderlecht.com\\\/offres-corporate-sponsorship\\\/#breadcrumb\"},\"inLanguage\":\"en-GB\",\"potentialAction\":[{\"@type\":\"ReadAction\",\"target\":[\"https:\\\/\\\/golf-anderlecht.com\\\/offres-corporate-sponsorship\\\/\"]}]},{\"@type\":\"ImageObject\",\"inLanguage\":\"en-GB\",\"@id\":\"https:\\\/\\\/golf-anderlecht.com\\\/offres-corporate-sponsorship\\\/#primaryimage\",\"url\":\"https:\\\/\\\/golf-vip.broz.be\\\/wp-content\\\/uploads\\\/2025\\\/06\\\/021_imaginyou_-ec-1-873x1024.webp\",\"contentUrl\":\"https:\\\/\\\/golf-vip.broz.be\\\/wp-content\\\/uploads\\\/2025\\\/06\\\/021_imaginyou_-ec-1-873x1024.webp\"},{\"@type\":\"BreadcrumbList\",\"@id\":\"https:\\\/\\\/golf-anderlecht.com\\\/offres-corporate-sponsorship\\\/#breadcrumb\",\"itemListElement\":[{\"@type\":\"ListItem\",\"position\":1,\"name\":\"Accueil\",\"item\":\"https:\\\/\\\/golf-anderlecht.com\\\/fr_fr\\\/\"},{\"@type\":\"ListItem\",\"position\":2,\"name\":\"Offres Corporate &#038; Sponsorship\"}]},{\"@type\":\"WebSite\",\"@id\":\"https:\\\/\\\/golf-anderlecht.com\\\/fr_fr\\\/#website\",\"url\":\"https:\\\/\\\/golf-anderlecht.com\\\/fr_fr\\\/\",\"name\":\"Royal Amicale Anderlecht Golf Club\",\"description\":\"\",\"publisher\":{\"@id\":\"https:\\\/\\\/golf-anderlecht.com\\\/fr_fr\\\/#organization\"},\"potentialAction\":[{\"@type\":\"SearchAction\",\"target\":{\"@type\":\"EntryPoint\",\"urlTemplate\":\"https:\\\/\\\/golf-anderlecht.com\\\/fr_fr\\\/?s={search_term_string}\"},\"query-input\":{\"@type\":\"PropertyValueSpecification\",\"valueRequired\":true,\"valueName\":\"search_term_string\"}}],\"inLanguage\":\"en-GB\"},{\"@type\":\"Organization\",\"@id\":\"https:\\\/\\\/golf-anderlecht.com\\\/fr_fr\\\/#organization\",\"name\":\"Royal Amicale Anderlecht Golf Club\",\"url\":\"https:\\\/\\\/golf-anderlecht.com\\\/fr_fr\\\/\",\"logo\":{\"@type\":\"ImageObject\",\"inLanguage\":\"en-GB\",\"@id\":\"https:\\\/\\\/golf-anderlecht.com\\\/fr_fr\\\/#\\\/schema\\\/logo\\\/image\\\/\",\"url\":\"https:\\\/\\\/golf-anderlecht.com\\\/wp-content\\\/uploads\\\/2026\\\/03\\\/cropped-Logo-blanc-2026.png\",\"contentUrl\":\"https:\\\/\\\/golf-anderlecht.com\\\/wp-content\\\/uploads\\\/2026\\\/03\\\/cropped-Logo-blanc-2026.png\",\"width\":616,\"height\":617,\"caption\":\"Royal Amicale Anderlecht Golf Club\"},\"image\":{\"@id\":\"https:\\\/\\\/golf-anderlecht.com\\\/fr_fr\\\/#\\\/schema\\\/logo\\\/image\\\/\"}}]}<\/script>\n<!-- \/ Yoast SEO plugin. -->","yoast_head_json":{"title":"Corporate &amp; Sponsorship Offers - Royal Amicale Anderlecht Golf Club","robots":{"index":"index","follow":"follow","max-snippet":"max-snippet:-1","max-image-preview":"max-image-preview:large","max-video-preview":"max-video-preview:-1"},"canonical":"https:\/\/golf-anderlecht.com\/en\/offres-corporate-sponsorship\/","og_locale":"en_GB","og_type":"article","og_title":"Offres Corporate & Sponsorship - Royal Amicale Anderlecht Golf Club","og_description":"Corporate INITIATION TEAMBUILDING Les initiations de golf au RAAGC sont une valeur ajout\u00e9e id\u00e9ale pour vos journ\u00e9es d&#8217;entreprise, s\u00e9minaires ou moments de team-building. Elles offrent une pause dynamique et stimulante, parfaite pour prendre un bol d&#8217;air frais, s&#8217;amuser entre coll\u00e8gues et d\u00e9couvrir un sport aussi captivant qu&#8217;\u00e9l\u00e9gant. Une exp\u00e9rience marquante pour vos collaborateurs, vos clients [&hellip;]","og_url":"https:\/\/golf-anderlecht.com\/en\/offres-corporate-sponsorship\/","og_site_name":"Royal Amicale Anderlecht Golf Club","article_modified_time":"2025-06-02T18:03:25+00:00","og_image":[{"url":"https:\/\/golf-vip.broz.be\/wp-content\/uploads\/2025\/06\/021_imaginyou_-ec-1-873x1024.webp","type":"","width":"","height":""}],"twitter_card":"summary_large_image","twitter_misc":{"Estimated reading time":"2 minutes"},"schema":{"@context":"https:\/\/schema.org","@graph":[{"@type":"WebPage","@id":"https:\/\/golf-anderlecht.com\/offres-corporate-sponsorship\/","url":"https:\/\/golf-anderlecht.com\/offres-corporate-sponsorship\/","name":"Corporate &amp; Sponsorship Offers - Royal Amicale Anderlecht Golf Club","isPartOf":{"@id":"https:\/\/golf-anderlecht.com\/fr_fr\/#website"},"primaryImageOfPage":{"@id":"https:\/\/golf-anderlecht.com\/offres-corporate-sponsorship\/#primaryimage"},"image":{"@id":"https:\/\/golf-anderlecht.com\/offres-corporate-sponsorship\/#primaryimage"},"thumbnailUrl":"https:\/\/golf-vip.broz.be\/wp-content\/uploads\/2025\/06\/021_imaginyou_-ec-1-873x1024.webp","datePublished":"2025-06-02T10:54:07+00:00","dateModified":"2025-06-02T18:03:25+00:00","breadcrumb":{"@id":"https:\/\/golf-anderlecht.com\/offres-corporate-sponsorship\/#breadcrumb"},"inLanguage":"en-GB","potentialAction":[{"@type":"ReadAction","target":["https:\/\/golf-anderlecht.com\/offres-corporate-sponsorship\/"]}]},{"@type":"ImageObject","inLanguage":"en-GB","@id":"https:\/\/golf-anderlecht.com\/offres-corporate-sponsorship\/#primaryimage","url":"https:\/\/golf-vip.broz.be\/wp-content\/uploads\/2025\/06\/021_imaginyou_-ec-1-873x1024.webp","contentUrl":"https:\/\/golf-vip.broz.be\/wp-content\/uploads\/2025\/06\/021_imaginyou_-ec-1-873x1024.webp"},{"@type":"BreadcrumbList","@id":"https:\/\/golf-anderlecht.com\/offres-corporate-sponsorship\/#breadcrumb","itemListElement":[{"@type":"ListItem","position":1,"name":"Accueil","item":"https:\/\/golf-anderlecht.com\/fr_fr\/"},{"@type":"ListItem","position":2,"name":"Offres Corporate &#038; Sponsorship"}]},{"@type":"WebSite","@id":"https:\/\/golf-anderlecht.com\/fr_fr\/#website","url":"https:\/\/golf-anderlecht.com\/fr_fr\/","name":"Royal Amicale Anderlecht Golf Club","description":"","publisher":{"@id":"https:\/\/golf-anderlecht.com\/fr_fr\/#organization"},"potentialAction":[{"@type":"SearchAction","target":{"@type":"EntryPoint","urlTemplate":"https:\/\/golf-anderlecht.com\/fr_fr\/?s={search_term_string}"},"query-input":{"@type":"PropertyValueSpecification","valueRequired":true,"valueName":"search_term_string"}}],"inLanguage":"en-GB"},{"@type":"Organization","@id":"https:\/\/golf-anderlecht.com\/fr_fr\/#organization","name":"Royal Amicale Anderlecht Golf Club","url":"https:\/\/golf-anderlecht.com\/fr_fr\/","logo":{"@type":"ImageObject","inLanguage":"en-GB","@id":"https:\/\/golf-anderlecht.com\/fr_fr\/#\/schema\/logo\/image\/","url":"https:\/\/golf-anderlecht.com\/wp-content\/uploads\/2026\/03\/cropped-Logo-blanc-2026.png","contentUrl":"https:\/\/golf-anderlecht.com\/wp-content\/uploads\/2026\/03\/cropped-Logo-blanc-2026.png","width":616,"height":617,"caption":"Royal Amicale Anderlecht Golf Club"},"image":{"@id":"https:\/\/golf-anderlecht.com\/fr_fr\/#\/schema\/logo\/image\/"}}]}},"_links":{"self":[{"href":"https:\/\/golf-anderlecht.com\/en\/wp-json\/wp\/v2\/pages\/31","targetHints":{"allow":["GET"]}}],"collection":[{"href":"https:\/\/golf-anderlecht.com\/en\/wp-json\/wp\/v2\/pages"}],"about":[{"href":"https:\/\/golf-anderlecht.com\/en\/wp-json\/wp\/v2\/types\/page"}],"author":[{"embeddable":true,"href":"https:\/\/golf-anderlecht.com\/en\/wp-json\/wp\/v2\/users\/1"}],"replies":[{"embeddable":true,"href":"https:\/\/golf-anderlecht.com\/en\/wp-json\/wp\/v2\/comments?post=31"}],"version-history":[{"count":4,"href":"https:\/\/golf-anderlecht.com\/en\/wp-json\/wp\/v2\/pages\/31\/revisions"}],"predecessor-version":[{"id":338,"href":"https:\/\/golf-anderlecht.com\/en\/wp-json\/wp\/v2\/pages\/31\/revisions\/338"}],"wp:attachment":[{"href":"https:\/\/golf-anderlecht.com\/en\/wp-json\/wp\/v2\/media?parent=31"}],"curies":[{"name":"wp","href":"https:\/\/api.w.org\/{rel}","templated":true}]}}